{"id":10143,"date":"2025-05-06T13:43:16","date_gmt":"2025-05-06T13:43:16","guid":{"rendered":"https:\/\/fadein.es\/?post_type=product&#038;p=10143"},"modified":"2025-05-06T13:43:18","modified_gmt":"2025-05-06T13:43:18","slug":"seau-pevapura-10-litres","status":"publish","type":"product","link":"https:\/\/fadein.es\/fr\/producto\/seau-pevapura-10-litres\/","title":{"rendered":"SEAU PEVAPURA 10 LITRES"},"content":{"rendered":"<p><strong>PEVAPURA CUBE 10 LITRES <\/strong> P\u00e2te antiseptique d\u00e9graissante, non alcaline, exempte d&rsquo;hydrocarbures chlor\u00e9s et de solvants.<\/p>\n<p>Les composants d\u00e9graissants comprennent un mat\u00e9riau textur\u00e9 granuleux qui \u00e9limine en profondeur la salet\u00e9 des pores. Test\u00e9 cliniquement : garde la peau des mains douce et souple gr\u00e2ce \u00e0 sa teneur en puissantes substances dermoprotectrices d\u00e9riv\u00e9es de la lanoline. Biod\u00e9gradable. pH neutre. Pour l&rsquo;\u00e9limination de la salet\u00e9 dans de nombreux domaines industriels, tels que :<strong> huiles, graisses, poussi\u00e8res, suie, encres d&rsquo;imprimerie, etc.<\/strong> Convient pour le<strong> nettoyage, l&rsquo;industrie, l&rsquo;alimentation, la restauration. <\/strong>     <\/p>\n<p>Vous pouvez contacter le service commercial de <strong><strong>FADEIN<\/strong><\/strong> par t\u00e9l\u00e9phone<strong><strong> 91 873 87 02 <\/strong><\/strong>ou par e-mail<strong><strong> att.cliente@fadein.es <\/strong><\/strong>pour toute information compl\u00e9mentaire ou demande de devis de nos produits.  <\/p>\n","protected":false},"excerpt":{"rendered":"<p>P\u00e2te antiseptique d\u00e9graissante, non alcaline, exempte d&rsquo;hydrocarbures chlor\u00e9s et de solvants.<\/p>\n","protected":false},"featured_media":10110,"comment_status":"open","ping_status":"closed","template":"","meta":{"_et_pb_use_builder":"","_et_pb_old_content":"","_et_gb_content_width":""},"product_brand":[],"product_cat":[1067,896],"product_tag":[1061,1058,1055,1001],"class_list":{"0":"post-10143","1":"product","2":"type-product","3":"status-publish","4":"has-post-thumbnail","6":"product_cat-nettoyage-de-la-peau","7":"product_cat-ustensiles-de-nettoyage","8":"product_tag-alimentation","9":"product_tag-industrie","10":"product_tag-nettoyage","11":"product_tag-restauration","13":"first","14":"instock","15":"taxable","16":"shipping-taxable","17":"purchasable","18":"product-type-simple"},"yoast_head":"<!-- This site is optimized with the Yoast SEO Premium plugin v27.2 (Yoast SEO v27.5) - https:\/\/yoast.com\/product\/yoast-seo-premium-wordpress\/ -->\n<title>SEAU PEVAPURA 10 LITRES<\/title>\n<meta name=\"description\" content=\"P\u00e2te antiseptique d\u00e9graissante, non alcaline, exempte d&#039;hydrocarbures chlor\u00e9s et de solvants. Maintient la peau des mains douce et prot\u00e9g\u00e9e.\" \/>\n<meta name=\"robots\" content=\"index, follow, max-snippet:-1, max-image-preview:large, max-video-preview:-1\" \/>\n<link rel=\"canonical\" href=\"https:\/\/fadein.es\/fr\/producto\/seau-pevapura-10-litres\/\" \/>\n<meta property=\"og:locale\" content=\"fr_FR\" \/>\n<meta property=\"og:type\" content=\"article\" \/>\n<meta property=\"og:title\" content=\"SEAU PEVAPURA 10 LITRES\" \/>\n<meta property=\"og:description\" content=\"P\u00e2te antiseptique d\u00e9graissante, non alcaline, exempte d&#039;hydrocarbures chlor\u00e9s et de solvants. Maintient la peau des mains douce et prot\u00e9g\u00e9e.\" \/>\n<meta property=\"og:url\" content=\"https:\/\/fadein.es\/fr\/producto\/seau-pevapura-10-litres\/\" \/>\n<meta property=\"og:site_name\" content=\"Fadein\" \/>\n<meta property=\"article:modified_time\" content=\"2025-05-06T13:43:18+00:00\" \/>\n<meta property=\"og:image\" content=\"https:\/\/fadein.es\/wp-content\/uploads\/2025\/05\/PEVAPURA.jpg\" \/>\n\t<meta property=\"og:image:width\" content=\"800\" \/>\n\t<meta property=\"og:image:height\" content=\"800\" \/>\n\t<meta property=\"og:image:type\" content=\"image\/jpeg\" \/>\n<meta name=\"twitter:card\" content=\"summary_large_image\" \/>\n<meta name=\"twitter:label1\" content=\"Dur\u00e9e de lecture estim\u00e9e\" \/>\n\t<meta name=\"twitter:data1\" content=\"1 minute\" \/>\n<script type=\"application\/ld+json\" class=\"yoast-schema-graph\">{\"@context\":\"https:\\\/\\\/schema.org\",\"@graph\":[{\"@type\":\"WebPage\",\"@id\":\"https:\\\/\\\/fadein.es\\\/fr\\\/producto\\\/seau-pevapura-10-litres\\\/\",\"url\":\"https:\\\/\\\/fadein.es\\\/fr\\\/producto\\\/seau-pevapura-10-litres\\\/\",\"name\":\"SEAU PEVAPURA 10 LITRES\",\"isPartOf\":{\"@id\":\"https:\\\/\\\/fadein.es\\\/fr\\\/#website\"},\"primaryImageOfPage\":{\"@id\":\"https:\\\/\\\/fadein.es\\\/fr\\\/producto\\\/seau-pevapura-10-litres\\\/#primaryimage\"},\"image\":{\"@id\":\"https:\\\/\\\/fadein.es\\\/fr\\\/producto\\\/seau-pevapura-10-litres\\\/#primaryimage\"},\"thumbnailUrl\":\"https:\\\/\\\/fadein.es\\\/wp-content\\\/uploads\\\/2025\\\/05\\\/PEVAPURA.jpg\",\"datePublished\":\"2025-05-06T13:43:16+00:00\",\"dateModified\":\"2025-05-06T13:43:18+00:00\",\"description\":\"P\u00e2te antiseptique d\u00e9graissante, non alcaline, exempte d'hydrocarbures chlor\u00e9s et de solvants. Maintient la peau des mains douce et prot\u00e9g\u00e9e.\",\"breadcrumb\":{\"@id\":\"https:\\\/\\\/fadein.es\\\/fr\\\/producto\\\/seau-pevapura-10-litres\\\/#breadcrumb\"},\"inLanguage\":\"fr-FR\",\"potentialAction\":[{\"@type\":\"ReadAction\",\"target\":[\"https:\\\/\\\/fadein.es\\\/fr\\\/producto\\\/seau-pevapura-10-litres\\\/\"]}]},{\"@type\":\"ImageObject\",\"inLanguage\":\"fr-FR\",\"@id\":\"https:\\\/\\\/fadein.es\\\/fr\\\/producto\\\/seau-pevapura-10-litres\\\/#primaryimage\",\"url\":\"https:\\\/\\\/fadein.es\\\/wp-content\\\/uploads\\\/2025\\\/05\\\/PEVAPURA.jpg\",\"contentUrl\":\"https:\\\/\\\/fadein.es\\\/wp-content\\\/uploads\\\/2025\\\/05\\\/PEVAPURA.jpg\",\"width\":800,\"height\":800,\"caption\":\"PEVAPURA\"},{\"@type\":\"BreadcrumbList\",\"@id\":\"https:\\\/\\\/fadein.es\\\/fr\\\/producto\\\/seau-pevapura-10-litres\\\/#breadcrumb\",\"itemListElement\":[{\"@type\":\"ListItem\",\"position\":1,\"name\":\"Portada\",\"item\":\"https:\\\/\\\/fadein.es\\\/fr\\\/accueil\\\/\"},{\"@type\":\"ListItem\",\"position\":2,\"name\":\"Boutique\",\"item\":\"https:\\\/\\\/fadein.es\\\/fr\\\/boutique\\\/\"},{\"@type\":\"ListItem\",\"position\":3,\"name\":\"SEAU PEVAPURA 10 LITRES\"}]},{\"@type\":\"WebSite\",\"@id\":\"https:\\\/\\\/fadein.es\\\/fr\\\/#website\",\"url\":\"https:\\\/\\\/fadein.es\\\/fr\\\/\",\"name\":\"Fadein\",\"description\":\"Detergentes de alto rendimiento\",\"publisher\":{\"@id\":\"https:\\\/\\\/fadein.es\\\/fr\\\/#organization\"},\"alternateName\":\"Detergentes de alto rendimiento\",\"potentialAction\":[{\"@type\":\"SearchAction\",\"target\":{\"@type\":\"EntryPoint\",\"urlTemplate\":\"https:\\\/\\\/fadein.es\\\/fr\\\/?s={search_term_string}\"},\"query-input\":{\"@type\":\"PropertyValueSpecification\",\"valueRequired\":true,\"valueName\":\"search_term_string\"}}],\"inLanguage\":\"fr-FR\"},{\"@type\":\"Organization\",\"@id\":\"https:\\\/\\\/fadein.es\\\/fr\\\/#organization\",\"name\":\"Fadein\",\"alternateName\":\"Detergentes de alto rendimiento\",\"url\":\"https:\\\/\\\/fadein.es\\\/fr\\\/\",\"logo\":{\"@type\":\"ImageObject\",\"inLanguage\":\"fr-FR\",\"@id\":\"https:\\\/\\\/fadein.es\\\/fr\\\/#\\\/schema\\\/logo\\\/image\\\/\",\"url\":\"https:\\\/\\\/fadein.es\\\/wp-content\\\/uploads\\\/2021\\\/05\\\/fadein-deterdentes-de-alto-rendimiento.png\",\"contentUrl\":\"https:\\\/\\\/fadein.es\\\/wp-content\\\/uploads\\\/2021\\\/05\\\/fadein-deterdentes-de-alto-rendimiento.png\",\"width\":512,\"height\":512,\"caption\":\"Fadein\"},\"image\":{\"@id\":\"https:\\\/\\\/fadein.es\\\/fr\\\/#\\\/schema\\\/logo\\\/image\\\/\"}}]}<\/script>\n<!-- \/ Yoast SEO Premium plugin. -->","yoast_head_json":{"title":"SEAU PEVAPURA 10 LITRES","description":"P\u00e2te antiseptique d\u00e9graissante, non alcaline, exempte d'hydrocarbures chlor\u00e9s et de solvants. Maintient la peau des mains douce et prot\u00e9g\u00e9e.","robots":{"index":"index","follow":"follow","max-snippet":"max-snippet:-1","max-image-preview":"max-image-preview:large","max-video-preview":"max-video-preview:-1"},"canonical":"https:\/\/fadein.es\/fr\/producto\/seau-pevapura-10-litres\/","og_locale":"fr_FR","og_type":"article","og_title":"SEAU PEVAPURA 10 LITRES","og_description":"P\u00e2te antiseptique d\u00e9graissante, non alcaline, exempte d'hydrocarbures chlor\u00e9s et de solvants. Maintient la peau des mains douce et prot\u00e9g\u00e9e.","og_url":"https:\/\/fadein.es\/fr\/producto\/seau-pevapura-10-litres\/","og_site_name":"Fadein","article_modified_time":"2025-05-06T13:43:18+00:00","og_image":[{"width":800,"height":800,"url":"https:\/\/fadein.es\/wp-content\/uploads\/2025\/05\/PEVAPURA.jpg","type":"image\/jpeg"}],"twitter_card":"summary_large_image","twitter_misc":{"Dur\u00e9e de lecture estim\u00e9e":"1 minute"},"schema":{"@context":"https:\/\/schema.org","@graph":[{"@type":"WebPage","@id":"https:\/\/fadein.es\/fr\/producto\/seau-pevapura-10-litres\/","url":"https:\/\/fadein.es\/fr\/producto\/seau-pevapura-10-litres\/","name":"SEAU PEVAPURA 10 LITRES","isPartOf":{"@id":"https:\/\/fadein.es\/fr\/#website"},"primaryImageOfPage":{"@id":"https:\/\/fadein.es\/fr\/producto\/seau-pevapura-10-litres\/#primaryimage"},"image":{"@id":"https:\/\/fadein.es\/fr\/producto\/seau-pevapura-10-litres\/#primaryimage"},"thumbnailUrl":"https:\/\/fadein.es\/wp-content\/uploads\/2025\/05\/PEVAPURA.jpg","datePublished":"2025-05-06T13:43:16+00:00","dateModified":"2025-05-06T13:43:18+00:00","description":"P\u00e2te antiseptique d\u00e9graissante, non alcaline, exempte d'hydrocarbures chlor\u00e9s et de solvants. Maintient la peau des mains douce et prot\u00e9g\u00e9e.","breadcrumb":{"@id":"https:\/\/fadein.es\/fr\/producto\/seau-pevapura-10-litres\/#breadcrumb"},"inLanguage":"fr-FR","potentialAction":[{"@type":"ReadAction","target":["https:\/\/fadein.es\/fr\/producto\/seau-pevapura-10-litres\/"]}]},{"@type":"ImageObject","inLanguage":"fr-FR","@id":"https:\/\/fadein.es\/fr\/producto\/seau-pevapura-10-litres\/#primaryimage","url":"https:\/\/fadein.es\/wp-content\/uploads\/2025\/05\/PEVAPURA.jpg","contentUrl":"https:\/\/fadein.es\/wp-content\/uploads\/2025\/05\/PEVAPURA.jpg","width":800,"height":800,"caption":"PEVAPURA"},{"@type":"BreadcrumbList","@id":"https:\/\/fadein.es\/fr\/producto\/seau-pevapura-10-litres\/#breadcrumb","itemListElement":[{"@type":"ListItem","position":1,"name":"Portada","item":"https:\/\/fadein.es\/fr\/accueil\/"},{"@type":"ListItem","position":2,"name":"Boutique","item":"https:\/\/fadein.es\/fr\/boutique\/"},{"@type":"ListItem","position":3,"name":"SEAU PEVAPURA 10 LITRES"}]},{"@type":"WebSite","@id":"https:\/\/fadein.es\/fr\/#website","url":"https:\/\/fadein.es\/fr\/","name":"Fadein","description":"Detergentes de alto rendimiento","publisher":{"@id":"https:\/\/fadein.es\/fr\/#organization"},"alternateName":"Detergentes de alto rendimiento","potentialAction":[{"@type":"SearchAction","target":{"@type":"EntryPoint","urlTemplate":"https:\/\/fadein.es\/fr\/?s={search_term_string}"},"query-input":{"@type":"PropertyValueSpecification","valueRequired":true,"valueName":"search_term_string"}}],"inLanguage":"fr-FR"},{"@type":"Organization","@id":"https:\/\/fadein.es\/fr\/#organization","name":"Fadein","alternateName":"Detergentes de alto rendimiento","url":"https:\/\/fadein.es\/fr\/","logo":{"@type":"ImageObject","inLanguage":"fr-FR","@id":"https:\/\/fadein.es\/fr\/#\/schema\/logo\/image\/","url":"https:\/\/fadein.es\/wp-content\/uploads\/2021\/05\/fadein-deterdentes-de-alto-rendimiento.png","contentUrl":"https:\/\/fadein.es\/wp-content\/uploads\/2021\/05\/fadein-deterdentes-de-alto-rendimiento.png","width":512,"height":512,"caption":"Fadein"},"image":{"@id":"https:\/\/fadein.es\/fr\/#\/schema\/logo\/image\/"}}]}},"_links":{"self":[{"href":"https:\/\/fadein.es\/fr\/wp-json\/wp\/v2\/product\/10143","targetHints":{"allow":["GET"]}}],"collection":[{"href":"https:\/\/fadein.es\/fr\/wp-json\/wp\/v2\/product"}],"about":[{"href":"https:\/\/fadein.es\/fr\/wp-json\/wp\/v2\/types\/product"}],"replies":[{"embeddable":true,"href":"https:\/\/fadein.es\/fr\/wp-json\/wp\/v2\/comments?post=10143"}],"wp:featuredmedia":[{"embeddable":true,"href":"https:\/\/fadein.es\/fr\/wp-json\/wp\/v2\/media\/10110"}],"wp:attachment":[{"href":"https:\/\/fadein.es\/fr\/wp-json\/wp\/v2\/media?parent=10143"}],"wp:term":[{"taxonomy":"product_brand","embeddable":true,"href":"https:\/\/fadein.es\/fr\/wp-json\/wp\/v2\/product_brand?post=10143"},{"taxonomy":"product_cat","embeddable":true,"href":"https:\/\/fadein.es\/fr\/wp-json\/wp\/v2\/product_cat?post=10143"},{"taxonomy":"product_tag","embeddable":true,"href":"https:\/\/fadein.es\/fr\/wp-json\/wp\/v2\/product_tag?post=10143"}],"curies":[{"name":"wp","href":"https:\/\/api.w.org\/{rel}","templated":true}]}}