{"id":10136,"date":"2025-05-06T11:44:29","date_gmt":"2025-05-06T11:44:29","guid":{"rendered":"https:\/\/fadein.es\/?post_type=product&#038;p=10136"},"modified":"2025-05-06T11:44:31","modified_gmt":"2025-05-06T11:44:31","slug":"tuyau-daspiration-d-40","status":"publish","type":"product","link":"https:\/\/fadein.es\/fr\/producto\/tuyau-daspiration-d-40\/","title":{"rendered":"TUYAU D&rsquo;ASPIRATION D-40"},"content":{"rendered":"<p><strong>TUYAU D&rsquo;ASPIRATION D-40 <\/strong> Enrouleur de tuyau en plastique, sp\u00e9cialement con\u00e7u pour les machines \u00e0 aspirer et \u00e0 nettoyer les tissus d&rsquo;ameublement des v\u00e9hicules et autres engins. Id\u00e9al pour l&rsquo;installation dans les centres de lavage de voitures et les aspirateurs de base et industriels. <\/p>\n<p><strong>Les enrouleurs de tuyaux sont vendus en rouleaux de 10 m\u00e8tres \u00e0 la fois, jusqu&rsquo;\u00e0 un maximum de 30 m\u00e8tres pour le rouleau complet.<\/strong> Convient pour le<strong> nettoyage, l&rsquo;industrie, etc. <\/strong> <\/p>\n<p>Vous pouvez contacter le service commercial de <strong><strong>FADEIN<\/strong><\/strong> par t\u00e9l\u00e9phone<strong><strong> 91 873 87 02 <\/strong><\/strong>ou par e-mail<strong><strong> att.cliente@fadein.es <\/strong><\/strong>pour toute information compl\u00e9mentaire ou demande de devis de nos produits.  <\/p>\n","protected":false},"excerpt":{"rendered":"<p>Diam\u00e8tre du tuyau Hoover 40 mm. Les bobines de tuyau sont vendues en rouleaux de 10 m\u00e8tres \u00e0 la fois, jusqu&rsquo;\u00e0 un maximum de 30 m\u00e8tres pour une bobine compl\u00e8te. <\/p>\n","protected":false},"featured_media":10095,"comment_status":"open","ping_status":"closed","template":"","meta":{"_et_pb_use_builder":"","_et_pb_old_content":"","_et_gb_content_width":""},"product_brand":[],"product_cat":[944,896],"product_tag":[1058,1055],"class_list":{"0":"post-10136","1":"product","2":"type-product","3":"status-publish","4":"has-post-thumbnail","6":"product_cat-pieces-de-rechange-pour-aspirateurs-industriels","7":"product_cat-ustensiles-de-nettoyage","8":"product_tag-industrie","9":"product_tag-nettoyage","11":"first","12":"instock","13":"taxable","14":"shipping-taxable","15":"purchasable","16":"product-type-simple"},"yoast_head":"<!-- This site is optimized with the Yoast SEO Premium plugin v27.2 (Yoast SEO v27.4) - https:\/\/yoast.com\/product\/yoast-seo-premium-wordpress\/ -->\n<title>TUYAU D&#039;ASPIRATION D-40<\/title>\n<meta name=\"description\" content=\"Rouleau de tuyau d&#039;aspirateur en plastique d&#039;un diam\u00e8tre de 40 mm, sp\u00e9cialement con\u00e7u pour les aspirateurs et les machines de nettoyage de meubles pour les voitures et autres v\u00e9hicules.\" \/>\n<meta name=\"robots\" content=\"index, follow, max-snippet:-1, max-image-preview:large, max-video-preview:-1\" \/>\n<link rel=\"canonical\" href=\"https:\/\/fadein.es\/fr\/producto\/tuyau-daspiration-d-40\/\" \/>\n<meta property=\"og:locale\" content=\"fr_FR\" \/>\n<meta property=\"og:type\" content=\"article\" \/>\n<meta property=\"og:title\" content=\"TUYAU D&#039;ASPIRATION D-40\" \/>\n<meta property=\"og:description\" content=\"Rouleau de tuyau d&#039;aspirateur en plastique d&#039;un diam\u00e8tre de 40 mm, sp\u00e9cialement con\u00e7u pour les aspirateurs et les machines de nettoyage de meubles pour les voitures et autres v\u00e9hicules.\" \/>\n<meta property=\"og:url\" content=\"https:\/\/fadein.es\/fr\/producto\/tuyau-daspiration-d-40\/\" \/>\n<meta property=\"og:site_name\" content=\"Fadein\" \/>\n<meta property=\"article:modified_time\" content=\"2025-05-06T11:44:31+00:00\" \/>\n<meta property=\"og:image\" content=\"https:\/\/fadein.es\/wp-content\/uploads\/2025\/05\/MANGUERA-ASPIRADOR-D-40.jpg\" \/>\n\t<meta property=\"og:image:width\" content=\"800\" \/>\n\t<meta property=\"og:image:height\" content=\"800\" \/>\n\t<meta property=\"og:image:type\" content=\"image\/jpeg\" \/>\n<meta name=\"twitter:card\" content=\"summary_large_image\" \/>\n<meta name=\"twitter:label1\" content=\"Dur\u00e9e de lecture estim\u00e9e\" \/>\n\t<meta name=\"twitter:data1\" content=\"1 minute\" \/>\n<script type=\"application\/ld+json\" class=\"yoast-schema-graph\">{\"@context\":\"https:\\\/\\\/schema.org\",\"@graph\":[{\"@type\":\"WebPage\",\"@id\":\"https:\\\/\\\/fadein.es\\\/fr\\\/producto\\\/tuyau-daspiration-d-40\\\/\",\"url\":\"https:\\\/\\\/fadein.es\\\/fr\\\/producto\\\/tuyau-daspiration-d-40\\\/\",\"name\":\"TUYAU D'ASPIRATION D-40\",\"isPartOf\":{\"@id\":\"https:\\\/\\\/fadein.es\\\/fr\\\/#website\"},\"primaryImageOfPage\":{\"@id\":\"https:\\\/\\\/fadein.es\\\/fr\\\/producto\\\/tuyau-daspiration-d-40\\\/#primaryimage\"},\"image\":{\"@id\":\"https:\\\/\\\/fadein.es\\\/fr\\\/producto\\\/tuyau-daspiration-d-40\\\/#primaryimage\"},\"thumbnailUrl\":\"https:\\\/\\\/fadein.es\\\/wp-content\\\/uploads\\\/2025\\\/05\\\/MANGUERA-ASPIRADOR-D-40.jpg\",\"datePublished\":\"2025-05-06T11:44:29+00:00\",\"dateModified\":\"2025-05-06T11:44:31+00:00\",\"description\":\"Rouleau de tuyau d'aspirateur en plastique d'un diam\u00e8tre de 40 mm, sp\u00e9cialement con\u00e7u pour les aspirateurs et les machines de nettoyage de meubles pour les voitures et autres v\u00e9hicules.\",\"breadcrumb\":{\"@id\":\"https:\\\/\\\/fadein.es\\\/fr\\\/producto\\\/tuyau-daspiration-d-40\\\/#breadcrumb\"},\"inLanguage\":\"fr-FR\",\"potentialAction\":[{\"@type\":\"ReadAction\",\"target\":[\"https:\\\/\\\/fadein.es\\\/fr\\\/producto\\\/tuyau-daspiration-d-40\\\/\"]}]},{\"@type\":\"ImageObject\",\"inLanguage\":\"fr-FR\",\"@id\":\"https:\\\/\\\/fadein.es\\\/fr\\\/producto\\\/tuyau-daspiration-d-40\\\/#primaryimage\",\"url\":\"https:\\\/\\\/fadein.es\\\/wp-content\\\/uploads\\\/2025\\\/05\\\/MANGUERA-ASPIRADOR-D-40.jpg\",\"contentUrl\":\"https:\\\/\\\/fadein.es\\\/wp-content\\\/uploads\\\/2025\\\/05\\\/MANGUERA-ASPIRADOR-D-40.jpg\",\"width\":800,\"height\":800,\"caption\":\"MANGUERA ASPIRADOR D-40\"},{\"@type\":\"BreadcrumbList\",\"@id\":\"https:\\\/\\\/fadein.es\\\/fr\\\/producto\\\/tuyau-daspiration-d-40\\\/#breadcrumb\",\"itemListElement\":[{\"@type\":\"ListItem\",\"position\":1,\"name\":\"Portada\",\"item\":\"https:\\\/\\\/fadein.es\\\/fr\\\/accueil\\\/\"},{\"@type\":\"ListItem\",\"position\":2,\"name\":\"Boutique\",\"item\":\"https:\\\/\\\/fadein.es\\\/fr\\\/boutique\\\/\"},{\"@type\":\"ListItem\",\"position\":3,\"name\":\"TUYAU D&#8217;ASPIRATION D-40\"}]},{\"@type\":\"WebSite\",\"@id\":\"https:\\\/\\\/fadein.es\\\/fr\\\/#website\",\"url\":\"https:\\\/\\\/fadein.es\\\/fr\\\/\",\"name\":\"Fadein\",\"description\":\"Detergentes de alto rendimiento\",\"publisher\":{\"@id\":\"https:\\\/\\\/fadein.es\\\/fr\\\/#organization\"},\"alternateName\":\"Detergentes de alto rendimiento\",\"potentialAction\":[{\"@type\":\"SearchAction\",\"target\":{\"@type\":\"EntryPoint\",\"urlTemplate\":\"https:\\\/\\\/fadein.es\\\/fr\\\/?s={search_term_string}\"},\"query-input\":{\"@type\":\"PropertyValueSpecification\",\"valueRequired\":true,\"valueName\":\"search_term_string\"}}],\"inLanguage\":\"fr-FR\"},{\"@type\":\"Organization\",\"@id\":\"https:\\\/\\\/fadein.es\\\/fr\\\/#organization\",\"name\":\"Fadein\",\"alternateName\":\"Detergentes de alto rendimiento\",\"url\":\"https:\\\/\\\/fadein.es\\\/fr\\\/\",\"logo\":{\"@type\":\"ImageObject\",\"inLanguage\":\"fr-FR\",\"@id\":\"https:\\\/\\\/fadein.es\\\/fr\\\/#\\\/schema\\\/logo\\\/image\\\/\",\"url\":\"https:\\\/\\\/fadein.es\\\/wp-content\\\/uploads\\\/2021\\\/05\\\/fadein-deterdentes-de-alto-rendimiento.png\",\"contentUrl\":\"https:\\\/\\\/fadein.es\\\/wp-content\\\/uploads\\\/2021\\\/05\\\/fadein-deterdentes-de-alto-rendimiento.png\",\"width\":512,\"height\":512,\"caption\":\"Fadein\"},\"image\":{\"@id\":\"https:\\\/\\\/fadein.es\\\/fr\\\/#\\\/schema\\\/logo\\\/image\\\/\"}}]}<\/script>\n<!-- \/ Yoast SEO Premium plugin. -->","yoast_head_json":{"title":"TUYAU D'ASPIRATION D-40","description":"Rouleau de tuyau d'aspirateur en plastique d'un diam\u00e8tre de 40 mm, sp\u00e9cialement con\u00e7u pour les aspirateurs et les machines de nettoyage de meubles pour les voitures et autres v\u00e9hicules.","robots":{"index":"index","follow":"follow","max-snippet":"max-snippet:-1","max-image-preview":"max-image-preview:large","max-video-preview":"max-video-preview:-1"},"canonical":"https:\/\/fadein.es\/fr\/producto\/tuyau-daspiration-d-40\/","og_locale":"fr_FR","og_type":"article","og_title":"TUYAU D'ASPIRATION D-40","og_description":"Rouleau de tuyau d'aspirateur en plastique d'un diam\u00e8tre de 40 mm, sp\u00e9cialement con\u00e7u pour les aspirateurs et les machines de nettoyage de meubles pour les voitures et autres v\u00e9hicules.","og_url":"https:\/\/fadein.es\/fr\/producto\/tuyau-daspiration-d-40\/","og_site_name":"Fadein","article_modified_time":"2025-05-06T11:44:31+00:00","og_image":[{"width":800,"height":800,"url":"https:\/\/fadein.es\/wp-content\/uploads\/2025\/05\/MANGUERA-ASPIRADOR-D-40.jpg","type":"image\/jpeg"}],"twitter_card":"summary_large_image","twitter_misc":{"Dur\u00e9e de lecture estim\u00e9e":"1 minute"},"schema":{"@context":"https:\/\/schema.org","@graph":[{"@type":"WebPage","@id":"https:\/\/fadein.es\/fr\/producto\/tuyau-daspiration-d-40\/","url":"https:\/\/fadein.es\/fr\/producto\/tuyau-daspiration-d-40\/","name":"TUYAU D'ASPIRATION D-40","isPartOf":{"@id":"https:\/\/fadein.es\/fr\/#website"},"primaryImageOfPage":{"@id":"https:\/\/fadein.es\/fr\/producto\/tuyau-daspiration-d-40\/#primaryimage"},"image":{"@id":"https:\/\/fadein.es\/fr\/producto\/tuyau-daspiration-d-40\/#primaryimage"},"thumbnailUrl":"https:\/\/fadein.es\/wp-content\/uploads\/2025\/05\/MANGUERA-ASPIRADOR-D-40.jpg","datePublished":"2025-05-06T11:44:29+00:00","dateModified":"2025-05-06T11:44:31+00:00","description":"Rouleau de tuyau d'aspirateur en plastique d'un diam\u00e8tre de 40 mm, sp\u00e9cialement con\u00e7u pour les aspirateurs et les machines de nettoyage de meubles pour les voitures et autres v\u00e9hicules.","breadcrumb":{"@id":"https:\/\/fadein.es\/fr\/producto\/tuyau-daspiration-d-40\/#breadcrumb"},"inLanguage":"fr-FR","potentialAction":[{"@type":"ReadAction","target":["https:\/\/fadein.es\/fr\/producto\/tuyau-daspiration-d-40\/"]}]},{"@type":"ImageObject","inLanguage":"fr-FR","@id":"https:\/\/fadein.es\/fr\/producto\/tuyau-daspiration-d-40\/#primaryimage","url":"https:\/\/fadein.es\/wp-content\/uploads\/2025\/05\/MANGUERA-ASPIRADOR-D-40.jpg","contentUrl":"https:\/\/fadein.es\/wp-content\/uploads\/2025\/05\/MANGUERA-ASPIRADOR-D-40.jpg","width":800,"height":800,"caption":"MANGUERA ASPIRADOR D-40"},{"@type":"BreadcrumbList","@id":"https:\/\/fadein.es\/fr\/producto\/tuyau-daspiration-d-40\/#breadcrumb","itemListElement":[{"@type":"ListItem","position":1,"name":"Portada","item":"https:\/\/fadein.es\/fr\/accueil\/"},{"@type":"ListItem","position":2,"name":"Boutique","item":"https:\/\/fadein.es\/fr\/boutique\/"},{"@type":"ListItem","position":3,"name":"TUYAU D&#8217;ASPIRATION D-40"}]},{"@type":"WebSite","@id":"https:\/\/fadein.es\/fr\/#website","url":"https:\/\/fadein.es\/fr\/","name":"Fadein","description":"Detergentes de alto rendimiento","publisher":{"@id":"https:\/\/fadein.es\/fr\/#organization"},"alternateName":"Detergentes de alto rendimiento","potentialAction":[{"@type":"SearchAction","target":{"@type":"EntryPoint","urlTemplate":"https:\/\/fadein.es\/fr\/?s={search_term_string}"},"query-input":{"@type":"PropertyValueSpecification","valueRequired":true,"valueName":"search_term_string"}}],"inLanguage":"fr-FR"},{"@type":"Organization","@id":"https:\/\/fadein.es\/fr\/#organization","name":"Fadein","alternateName":"Detergentes de alto rendimiento","url":"https:\/\/fadein.es\/fr\/","logo":{"@type":"ImageObject","inLanguage":"fr-FR","@id":"https:\/\/fadein.es\/fr\/#\/schema\/logo\/image\/","url":"https:\/\/fadein.es\/wp-content\/uploads\/2021\/05\/fadein-deterdentes-de-alto-rendimiento.png","contentUrl":"https:\/\/fadein.es\/wp-content\/uploads\/2021\/05\/fadein-deterdentes-de-alto-rendimiento.png","width":512,"height":512,"caption":"Fadein"},"image":{"@id":"https:\/\/fadein.es\/fr\/#\/schema\/logo\/image\/"}}]}},"_links":{"self":[{"href":"https:\/\/fadein.es\/fr\/wp-json\/wp\/v2\/product\/10136","targetHints":{"allow":["GET"]}}],"collection":[{"href":"https:\/\/fadein.es\/fr\/wp-json\/wp\/v2\/product"}],"about":[{"href":"https:\/\/fadein.es\/fr\/wp-json\/wp\/v2\/types\/product"}],"replies":[{"embeddable":true,"href":"https:\/\/fadein.es\/fr\/wp-json\/wp\/v2\/comments?post=10136"}],"wp:featuredmedia":[{"embeddable":true,"href":"https:\/\/fadein.es\/fr\/wp-json\/wp\/v2\/media\/10095"}],"wp:attachment":[{"href":"https:\/\/fadein.es\/fr\/wp-json\/wp\/v2\/media?parent=10136"}],"wp:term":[{"taxonomy":"product_brand","embeddable":true,"href":"https:\/\/fadein.es\/fr\/wp-json\/wp\/v2\/product_brand?post=10136"},{"taxonomy":"product_cat","embeddable":true,"href":"https:\/\/fadein.es\/fr\/wp-json\/wp\/v2\/product_cat?post=10136"},{"taxonomy":"product_tag","embeddable":true,"href":"https:\/\/fadein.es\/fr\/wp-json\/wp\/v2\/product_tag?post=10136"}],"curies":[{"name":"wp","href":"https:\/\/api.w.org\/{rel}","templated":true}]}}