{"id":10122,"date":"2025-05-05T16:24:50","date_gmt":"2025-05-05T16:24:50","guid":{"rendered":"https:\/\/fadein.es\/?post_type=product&#038;p=10122"},"modified":"2025-05-05T16:35:57","modified_gmt":"2025-05-05T16:35:57","slug":"buse-hoover-d-40-copia","status":"publish","type":"product","link":"https:\/\/fadein.es\/fr\/producto\/buse-hoover-d-40-copia\/","title":{"rendered":"BUSE HOOVER D-36"},"content":{"rendered":"<p>BUSE <strong>D&rsquo;ASPIRATION D-36<\/strong> Buse d&rsquo;aspiration plate d&rsquo;un diam\u00e8tre de 36 mm, en ECO pvc. Pour les terminaux de tuyau d&rsquo;un diam\u00e8tre de 36 mm. Con\u00e7u pour atteindre tous les coins possibles du v\u00e9hicule, pour les stations de lavage et les entreprises de nettoyage industriel.<\/strong> Convient pour le<strong> nettoyage, l&rsquo;industrie, etc. <\/strong>   <\/p>\n<p>Vous pouvez contacter le service commercial de <strong><strong>FADEIN<\/strong><\/strong> par t\u00e9l\u00e9phone<strong><strong> 91 873 87 02 <\/strong><\/strong>ou par e-mail<strong><strong> att.cliente@fadein.es <\/strong><\/strong>pour toute information compl\u00e9mentaire ou demande de devis de nos produits.  <\/p>\n","protected":false},"excerpt":{"rendered":"<p>Suceur plat diam\u00e8tre 36 mm, en ECO pvc<\/p>\n","protected":false},"featured_media":10080,"comment_status":"open","ping_status":"closed","template":"","meta":{"_et_pb_use_builder":"","_et_pb_old_content":"","_et_gb_content_width":""},"product_brand":[],"product_cat":[944,896],"product_tag":[1058,1055],"class_list":{"0":"post-10122","1":"product","2":"type-product","3":"status-publish","4":"has-post-thumbnail","6":"product_cat-pieces-de-rechange-pour-aspirateurs-industriels","7":"product_cat-ustensiles-de-nettoyage","8":"product_tag-industrie","9":"product_tag-nettoyage","11":"first","12":"instock","13":"taxable","14":"shipping-taxable","15":"purchasable","16":"product-type-simple"},"yoast_head":"<!-- This site is optimized with the Yoast SEO Premium plugin v27.2 (Yoast SEO v27.4) - https:\/\/yoast.com\/product\/yoast-seo-premium-wordpress\/ -->\n<title>SUCEUR PLAT POUR ASPIRATEUR D-36<\/title>\n<meta name=\"description\" content=\"Buse d&#039;aspiration plate d&#039;un diam\u00e8tre de 36 mm, en PVC ECO. Pour embouts de tuyau d&#039;un diam\u00e8tre de 36 mm.\" \/>\n<meta name=\"robots\" content=\"index, follow, max-snippet:-1, max-image-preview:large, max-video-preview:-1\" \/>\n<link rel=\"canonical\" href=\"https:\/\/fadein.es\/fr\/producto\/buse-hoover-d-40-copia\/\" \/>\n<meta property=\"og:locale\" content=\"fr_FR\" \/>\n<meta property=\"og:type\" content=\"article\" \/>\n<meta property=\"og:title\" content=\"BUSE HOOVER D-36\" \/>\n<meta property=\"og:description\" content=\"Buse d&#039;aspiration plate d&#039;un diam\u00e8tre de 36 mm, en PVC ECO. Pour embouts de tuyau d&#039;un diam\u00e8tre de 36 mm.\" \/>\n<meta property=\"og:url\" content=\"https:\/\/fadein.es\/fr\/producto\/buse-hoover-d-40-copia\/\" \/>\n<meta property=\"og:site_name\" content=\"Fadein\" \/>\n<meta property=\"article:modified_time\" content=\"2025-05-05T16:35:57+00:00\" \/>\n<meta property=\"og:image\" content=\"https:\/\/fadein.es\/wp-content\/uploads\/2025\/05\/BOQUILLA-ASPIRADOR-PLANA-D-36.jpg\" \/>\n\t<meta property=\"og:image:width\" content=\"800\" \/>\n\t<meta property=\"og:image:height\" content=\"800\" \/>\n\t<meta property=\"og:image:type\" content=\"image\/jpeg\" \/>\n<meta name=\"twitter:card\" content=\"summary_large_image\" \/>\n<script type=\"application\/ld+json\" class=\"yoast-schema-graph\">{\"@context\":\"https:\\\/\\\/schema.org\",\"@graph\":[{\"@type\":\"WebPage\",\"@id\":\"https:\\\/\\\/fadein.es\\\/fr\\\/producto\\\/buse-hoover-d-40-copia\\\/\",\"url\":\"https:\\\/\\\/fadein.es\\\/fr\\\/producto\\\/buse-hoover-d-40-copia\\\/\",\"name\":\"SUCEUR PLAT POUR ASPIRATEUR D-36\",\"isPartOf\":{\"@id\":\"https:\\\/\\\/fadein.es\\\/fr\\\/#website\"},\"primaryImageOfPage\":{\"@id\":\"https:\\\/\\\/fadein.es\\\/fr\\\/producto\\\/buse-hoover-d-40-copia\\\/#primaryimage\"},\"image\":{\"@id\":\"https:\\\/\\\/fadein.es\\\/fr\\\/producto\\\/buse-hoover-d-40-copia\\\/#primaryimage\"},\"thumbnailUrl\":\"https:\\\/\\\/fadein.es\\\/wp-content\\\/uploads\\\/2025\\\/05\\\/BOQUILLA-ASPIRADOR-PLANA-D-36.jpg\",\"datePublished\":\"2025-05-05T16:24:50+00:00\",\"dateModified\":\"2025-05-05T16:35:57+00:00\",\"description\":\"Buse d'aspiration plate d'un diam\u00e8tre de 36 mm, en PVC ECO. Pour embouts de tuyau d'un diam\u00e8tre de 36 mm.\",\"breadcrumb\":{\"@id\":\"https:\\\/\\\/fadein.es\\\/fr\\\/producto\\\/buse-hoover-d-40-copia\\\/#breadcrumb\"},\"inLanguage\":\"fr-FR\",\"potentialAction\":[{\"@type\":\"ReadAction\",\"target\":[\"https:\\\/\\\/fadein.es\\\/fr\\\/producto\\\/buse-hoover-d-40-copia\\\/\"]}]},{\"@type\":\"ImageObject\",\"inLanguage\":\"fr-FR\",\"@id\":\"https:\\\/\\\/fadein.es\\\/fr\\\/producto\\\/buse-hoover-d-40-copia\\\/#primaryimage\",\"url\":\"https:\\\/\\\/fadein.es\\\/wp-content\\\/uploads\\\/2025\\\/05\\\/BOQUILLA-ASPIRADOR-PLANA-D-36.jpg\",\"contentUrl\":\"https:\\\/\\\/fadein.es\\\/wp-content\\\/uploads\\\/2025\\\/05\\\/BOQUILLA-ASPIRADOR-PLANA-D-36.jpg\",\"width\":800,\"height\":800,\"caption\":\"BOQUILLA ASPIRADOR PLANA D-36\"},{\"@type\":\"BreadcrumbList\",\"@id\":\"https:\\\/\\\/fadein.es\\\/fr\\\/producto\\\/buse-hoover-d-40-copia\\\/#breadcrumb\",\"itemListElement\":[{\"@type\":\"ListItem\",\"position\":1,\"name\":\"Portada\",\"item\":\"https:\\\/\\\/fadein.es\\\/fr\\\/accueil\\\/\"},{\"@type\":\"ListItem\",\"position\":2,\"name\":\"Boutique\",\"item\":\"https:\\\/\\\/fadein.es\\\/fr\\\/boutique\\\/\"},{\"@type\":\"ListItem\",\"position\":3,\"name\":\"BUSE HOOVER D-36\"}]},{\"@type\":\"WebSite\",\"@id\":\"https:\\\/\\\/fadein.es\\\/fr\\\/#website\",\"url\":\"https:\\\/\\\/fadein.es\\\/fr\\\/\",\"name\":\"Fadein\",\"description\":\"Detergentes de alto rendimiento\",\"publisher\":{\"@id\":\"https:\\\/\\\/fadein.es\\\/fr\\\/#organization\"},\"alternateName\":\"Detergentes de alto rendimiento\",\"potentialAction\":[{\"@type\":\"SearchAction\",\"target\":{\"@type\":\"EntryPoint\",\"urlTemplate\":\"https:\\\/\\\/fadein.es\\\/fr\\\/?s={search_term_string}\"},\"query-input\":{\"@type\":\"PropertyValueSpecification\",\"valueRequired\":true,\"valueName\":\"search_term_string\"}}],\"inLanguage\":\"fr-FR\"},{\"@type\":\"Organization\",\"@id\":\"https:\\\/\\\/fadein.es\\\/fr\\\/#organization\",\"name\":\"Fadein\",\"alternateName\":\"Detergentes de alto rendimiento\",\"url\":\"https:\\\/\\\/fadein.es\\\/fr\\\/\",\"logo\":{\"@type\":\"ImageObject\",\"inLanguage\":\"fr-FR\",\"@id\":\"https:\\\/\\\/fadein.es\\\/fr\\\/#\\\/schema\\\/logo\\\/image\\\/\",\"url\":\"https:\\\/\\\/fadein.es\\\/wp-content\\\/uploads\\\/2021\\\/05\\\/fadein-deterdentes-de-alto-rendimiento.png\",\"contentUrl\":\"https:\\\/\\\/fadein.es\\\/wp-content\\\/uploads\\\/2021\\\/05\\\/fadein-deterdentes-de-alto-rendimiento.png\",\"width\":512,\"height\":512,\"caption\":\"Fadein\"},\"image\":{\"@id\":\"https:\\\/\\\/fadein.es\\\/fr\\\/#\\\/schema\\\/logo\\\/image\\\/\"}}]}<\/script>\n<!-- \/ Yoast SEO Premium plugin. -->","yoast_head_json":{"title":"SUCEUR PLAT POUR ASPIRATEUR D-36","description":"Buse d'aspiration plate d'un diam\u00e8tre de 36 mm, en PVC ECO. Pour embouts de tuyau d'un diam\u00e8tre de 36 mm.","robots":{"index":"index","follow":"follow","max-snippet":"max-snippet:-1","max-image-preview":"max-image-preview:large","max-video-preview":"max-video-preview:-1"},"canonical":"https:\/\/fadein.es\/fr\/producto\/buse-hoover-d-40-copia\/","og_locale":"fr_FR","og_type":"article","og_title":"BUSE HOOVER D-36","og_description":"Buse d'aspiration plate d'un diam\u00e8tre de 36 mm, en PVC ECO. Pour embouts de tuyau d'un diam\u00e8tre de 36 mm.","og_url":"https:\/\/fadein.es\/fr\/producto\/buse-hoover-d-40-copia\/","og_site_name":"Fadein","article_modified_time":"2025-05-05T16:35:57+00:00","og_image":[{"width":800,"height":800,"url":"https:\/\/fadein.es\/wp-content\/uploads\/2025\/05\/BOQUILLA-ASPIRADOR-PLANA-D-36.jpg","type":"image\/jpeg"}],"twitter_card":"summary_large_image","schema":{"@context":"https:\/\/schema.org","@graph":[{"@type":"WebPage","@id":"https:\/\/fadein.es\/fr\/producto\/buse-hoover-d-40-copia\/","url":"https:\/\/fadein.es\/fr\/producto\/buse-hoover-d-40-copia\/","name":"SUCEUR PLAT POUR ASPIRATEUR D-36","isPartOf":{"@id":"https:\/\/fadein.es\/fr\/#website"},"primaryImageOfPage":{"@id":"https:\/\/fadein.es\/fr\/producto\/buse-hoover-d-40-copia\/#primaryimage"},"image":{"@id":"https:\/\/fadein.es\/fr\/producto\/buse-hoover-d-40-copia\/#primaryimage"},"thumbnailUrl":"https:\/\/fadein.es\/wp-content\/uploads\/2025\/05\/BOQUILLA-ASPIRADOR-PLANA-D-36.jpg","datePublished":"2025-05-05T16:24:50+00:00","dateModified":"2025-05-05T16:35:57+00:00","description":"Buse d'aspiration plate d'un diam\u00e8tre de 36 mm, en PVC ECO. Pour embouts de tuyau d'un diam\u00e8tre de 36 mm.","breadcrumb":{"@id":"https:\/\/fadein.es\/fr\/producto\/buse-hoover-d-40-copia\/#breadcrumb"},"inLanguage":"fr-FR","potentialAction":[{"@type":"ReadAction","target":["https:\/\/fadein.es\/fr\/producto\/buse-hoover-d-40-copia\/"]}]},{"@type":"ImageObject","inLanguage":"fr-FR","@id":"https:\/\/fadein.es\/fr\/producto\/buse-hoover-d-40-copia\/#primaryimage","url":"https:\/\/fadein.es\/wp-content\/uploads\/2025\/05\/BOQUILLA-ASPIRADOR-PLANA-D-36.jpg","contentUrl":"https:\/\/fadein.es\/wp-content\/uploads\/2025\/05\/BOQUILLA-ASPIRADOR-PLANA-D-36.jpg","width":800,"height":800,"caption":"BOQUILLA ASPIRADOR PLANA D-36"},{"@type":"BreadcrumbList","@id":"https:\/\/fadein.es\/fr\/producto\/buse-hoover-d-40-copia\/#breadcrumb","itemListElement":[{"@type":"ListItem","position":1,"name":"Portada","item":"https:\/\/fadein.es\/fr\/accueil\/"},{"@type":"ListItem","position":2,"name":"Boutique","item":"https:\/\/fadein.es\/fr\/boutique\/"},{"@type":"ListItem","position":3,"name":"BUSE HOOVER D-36"}]},{"@type":"WebSite","@id":"https:\/\/fadein.es\/fr\/#website","url":"https:\/\/fadein.es\/fr\/","name":"Fadein","description":"Detergentes de alto rendimiento","publisher":{"@id":"https:\/\/fadein.es\/fr\/#organization"},"alternateName":"Detergentes de alto rendimiento","potentialAction":[{"@type":"SearchAction","target":{"@type":"EntryPoint","urlTemplate":"https:\/\/fadein.es\/fr\/?s={search_term_string}"},"query-input":{"@type":"PropertyValueSpecification","valueRequired":true,"valueName":"search_term_string"}}],"inLanguage":"fr-FR"},{"@type":"Organization","@id":"https:\/\/fadein.es\/fr\/#organization","name":"Fadein","alternateName":"Detergentes de alto rendimiento","url":"https:\/\/fadein.es\/fr\/","logo":{"@type":"ImageObject","inLanguage":"fr-FR","@id":"https:\/\/fadein.es\/fr\/#\/schema\/logo\/image\/","url":"https:\/\/fadein.es\/wp-content\/uploads\/2021\/05\/fadein-deterdentes-de-alto-rendimiento.png","contentUrl":"https:\/\/fadein.es\/wp-content\/uploads\/2021\/05\/fadein-deterdentes-de-alto-rendimiento.png","width":512,"height":512,"caption":"Fadein"},"image":{"@id":"https:\/\/fadein.es\/fr\/#\/schema\/logo\/image\/"}}]}},"_links":{"self":[{"href":"https:\/\/fadein.es\/fr\/wp-json\/wp\/v2\/product\/10122","targetHints":{"allow":["GET"]}}],"collection":[{"href":"https:\/\/fadein.es\/fr\/wp-json\/wp\/v2\/product"}],"about":[{"href":"https:\/\/fadein.es\/fr\/wp-json\/wp\/v2\/types\/product"}],"replies":[{"embeddable":true,"href":"https:\/\/fadein.es\/fr\/wp-json\/wp\/v2\/comments?post=10122"}],"wp:featuredmedia":[{"embeddable":true,"href":"https:\/\/fadein.es\/fr\/wp-json\/wp\/v2\/media\/10080"}],"wp:attachment":[{"href":"https:\/\/fadein.es\/fr\/wp-json\/wp\/v2\/media?parent=10122"}],"wp:term":[{"taxonomy":"product_brand","embeddable":true,"href":"https:\/\/fadein.es\/fr\/wp-json\/wp\/v2\/product_brand?post=10122"},{"taxonomy":"product_cat","embeddable":true,"href":"https:\/\/fadein.es\/fr\/wp-json\/wp\/v2\/product_cat?post=10122"},{"taxonomy":"product_tag","embeddable":true,"href":"https:\/\/fadein.es\/fr\/wp-json\/wp\/v2\/product_tag?post=10122"}],"curies":[{"name":"wp","href":"https:\/\/api.w.org\/{rel}","templated":true}]}}