{"id":10065,"date":"2025-04-30T14:08:29","date_gmt":"2025-04-30T12:08:29","guid":{"rendered":"https:\/\/fadein.es\/?post_type=product&#038;p=10065"},"modified":"2025-04-30T14:08:31","modified_gmt":"2025-04-30T14:08:31","slug":"lance-sk-60-inox-poignee","status":"publish","type":"product","link":"https:\/\/fadein.es\/fr\/producto\/lance-sk-60-inox-poignee\/","title":{"rendered":"LANCE SK 60 INOX + POIGN\u00c9E"},"content":{"rendered":"<p>LANCE <strong>SK 60 INOX + POIGN\u00c9E <\/strong> Lance de 60 cm en acier inoxydable, avec poign\u00e9e et protection de la buse. Pour pulv\u00e9risateurs translav dv et transacide.<\/strong> Convient pour le<strong> nettoyage, l&rsquo;industrie, l&rsquo;alimentation, la restauration, etc. <\/strong>  <\/p>\n<p>Vous pouvez contacter le service commercial de <strong><strong>FADEIN<\/strong><\/strong> par t\u00e9l\u00e9phone<strong><strong> 91 873 87 02 <\/strong><\/strong>ou par e-mail<strong><strong> att.cliente@fadein.es <\/strong><\/strong>pour toute information compl\u00e9mentaire ou demande de devis de nos produits.  <\/p>\n","protected":false},"excerpt":{"rendered":"<p>Lance SK 60 Acier inoxydable + Poign\u00e9e<\/p>\n","protected":false},"featured_media":9964,"comment_status":"open","ping_status":"closed","template":"","meta":{"_et_pb_use_builder":"","_et_pb_old_content":"","_et_gb_content_width":""},"product_brand":[],"product_cat":[941,896],"product_tag":[1061,1058,1055,1001],"class_list":{"0":"post-10065","1":"product","2":"type-product","3":"status-publish","4":"has-post-thumbnail","6":"product_cat-pulverisateurs-et-atomiseurs","7":"product_cat-ustensiles-de-nettoyage","8":"product_tag-alimentation","9":"product_tag-industrie","10":"product_tag-nettoyage","11":"product_tag-restauration","13":"first","14":"instock","15":"taxable","16":"shipping-taxable","17":"purchasable","18":"product-type-simple"},"yoast_head":"<!-- This site is optimized with the Yoast SEO Premium plugin v27.2 (Yoast SEO v27.4) - https:\/\/yoast.com\/product\/yoast-seo-premium-wordpress\/ -->\n<title>LANCE SK 60 INOX + POIGN\u00c9E<\/title>\n<meta name=\"description\" content=\"Lance de 60 cm en acier inoxydable, avec poign\u00e9e et protection de la buse. Convient aux pulv\u00e9risateurs Translav dv et Transacide.\" \/>\n<meta name=\"robots\" content=\"index, follow, max-snippet:-1, max-image-preview:large, max-video-preview:-1\" \/>\n<link rel=\"canonical\" href=\"https:\/\/fadein.es\/fr\/producto\/lance-sk-60-inox-poignee\/\" \/>\n<meta property=\"og:locale\" content=\"fr_FR\" \/>\n<meta property=\"og:type\" content=\"article\" \/>\n<meta property=\"og:title\" content=\"LANCE SK 60 INOX + POIGN\u00c9E\" \/>\n<meta property=\"og:description\" content=\"Lance de 60 cm en acier inoxydable, avec poign\u00e9e et protection de la buse. Convient aux pulv\u00e9risateurs Translav dv et Transacide.\" \/>\n<meta property=\"og:url\" content=\"https:\/\/fadein.es\/fr\/producto\/lance-sk-60-inox-poignee\/\" \/>\n<meta property=\"og:site_name\" content=\"Fadein\" \/>\n<meta property=\"article:modified_time\" content=\"2025-04-30T14:08:31+00:00\" \/>\n<meta property=\"og:image\" content=\"https:\/\/fadein.es\/wp-content\/uploads\/2025\/04\/LANZA-SK-60-INOX-EMPUNADURA.jpg\" \/>\n\t<meta property=\"og:image:width\" content=\"800\" \/>\n\t<meta property=\"og:image:height\" content=\"800\" \/>\n\t<meta property=\"og:image:type\" content=\"image\/jpeg\" \/>\n<meta name=\"twitter:card\" content=\"summary_large_image\" \/>\n<script type=\"application\/ld+json\" class=\"yoast-schema-graph\">{\"@context\":\"https:\\\/\\\/schema.org\",\"@graph\":[{\"@type\":\"WebPage\",\"@id\":\"https:\\\/\\\/fadein.es\\\/fr\\\/producto\\\/lance-sk-60-inox-poignee\\\/\",\"url\":\"https:\\\/\\\/fadein.es\\\/fr\\\/producto\\\/lance-sk-60-inox-poignee\\\/\",\"name\":\"LANCE SK 60 INOX + POIGN\u00c9E\",\"isPartOf\":{\"@id\":\"https:\\\/\\\/fadein.es\\\/fr\\\/#website\"},\"primaryImageOfPage\":{\"@id\":\"https:\\\/\\\/fadein.es\\\/fr\\\/producto\\\/lance-sk-60-inox-poignee\\\/#primaryimage\"},\"image\":{\"@id\":\"https:\\\/\\\/fadein.es\\\/fr\\\/producto\\\/lance-sk-60-inox-poignee\\\/#primaryimage\"},\"thumbnailUrl\":\"https:\\\/\\\/fadein.es\\\/wp-content\\\/uploads\\\/2025\\\/04\\\/LANZA-SK-60-INOX-EMPUNADURA.jpg\",\"datePublished\":\"2025-04-30T12:08:29+00:00\",\"dateModified\":\"2025-04-30T14:08:31+00:00\",\"description\":\"Lance de 60 cm en acier inoxydable, avec poign\u00e9e et protection de la buse. Convient aux pulv\u00e9risateurs Translav dv et Transacide.\",\"breadcrumb\":{\"@id\":\"https:\\\/\\\/fadein.es\\\/fr\\\/producto\\\/lance-sk-60-inox-poignee\\\/#breadcrumb\"},\"inLanguage\":\"fr-FR\",\"potentialAction\":[{\"@type\":\"ReadAction\",\"target\":[\"https:\\\/\\\/fadein.es\\\/fr\\\/producto\\\/lance-sk-60-inox-poignee\\\/\"]}]},{\"@type\":\"ImageObject\",\"inLanguage\":\"fr-FR\",\"@id\":\"https:\\\/\\\/fadein.es\\\/fr\\\/producto\\\/lance-sk-60-inox-poignee\\\/#primaryimage\",\"url\":\"https:\\\/\\\/fadein.es\\\/wp-content\\\/uploads\\\/2025\\\/04\\\/LANZA-SK-60-INOX-EMPUNADURA.jpg\",\"contentUrl\":\"https:\\\/\\\/fadein.es\\\/wp-content\\\/uploads\\\/2025\\\/04\\\/LANZA-SK-60-INOX-EMPUNADURA.jpg\",\"width\":800,\"height\":800,\"caption\":\"LANZA SK 60 INOX + EMPU\u00d1ADURA\"},{\"@type\":\"BreadcrumbList\",\"@id\":\"https:\\\/\\\/fadein.es\\\/fr\\\/producto\\\/lance-sk-60-inox-poignee\\\/#breadcrumb\",\"itemListElement\":[{\"@type\":\"ListItem\",\"position\":1,\"name\":\"Portada\",\"item\":\"https:\\\/\\\/fadein.es\\\/fr\\\/accueil\\\/\"},{\"@type\":\"ListItem\",\"position\":2,\"name\":\"Boutique\",\"item\":\"https:\\\/\\\/fadein.es\\\/fr\\\/boutique\\\/\"},{\"@type\":\"ListItem\",\"position\":3,\"name\":\"LANCE SK 60 INOX + POIGN\u00c9E\"}]},{\"@type\":\"WebSite\",\"@id\":\"https:\\\/\\\/fadein.es\\\/fr\\\/#website\",\"url\":\"https:\\\/\\\/fadein.es\\\/fr\\\/\",\"name\":\"Fadein\",\"description\":\"Detergentes de alto rendimiento\",\"publisher\":{\"@id\":\"https:\\\/\\\/fadein.es\\\/fr\\\/#organization\"},\"alternateName\":\"Detergentes de alto rendimiento\",\"potentialAction\":[{\"@type\":\"SearchAction\",\"target\":{\"@type\":\"EntryPoint\",\"urlTemplate\":\"https:\\\/\\\/fadein.es\\\/fr\\\/?s={search_term_string}\"},\"query-input\":{\"@type\":\"PropertyValueSpecification\",\"valueRequired\":true,\"valueName\":\"search_term_string\"}}],\"inLanguage\":\"fr-FR\"},{\"@type\":\"Organization\",\"@id\":\"https:\\\/\\\/fadein.es\\\/fr\\\/#organization\",\"name\":\"Fadein\",\"alternateName\":\"Detergentes de alto rendimiento\",\"url\":\"https:\\\/\\\/fadein.es\\\/fr\\\/\",\"logo\":{\"@type\":\"ImageObject\",\"inLanguage\":\"fr-FR\",\"@id\":\"https:\\\/\\\/fadein.es\\\/fr\\\/#\\\/schema\\\/logo\\\/image\\\/\",\"url\":\"https:\\\/\\\/fadein.es\\\/wp-content\\\/uploads\\\/2021\\\/05\\\/fadein-deterdentes-de-alto-rendimiento.png\",\"contentUrl\":\"https:\\\/\\\/fadein.es\\\/wp-content\\\/uploads\\\/2021\\\/05\\\/fadein-deterdentes-de-alto-rendimiento.png\",\"width\":512,\"height\":512,\"caption\":\"Fadein\"},\"image\":{\"@id\":\"https:\\\/\\\/fadein.es\\\/fr\\\/#\\\/schema\\\/logo\\\/image\\\/\"}}]}<\/script>\n<!-- \/ Yoast SEO Premium plugin. -->","yoast_head_json":{"title":"LANCE SK 60 INOX + POIGN\u00c9E","description":"Lance de 60 cm en acier inoxydable, avec poign\u00e9e et protection de la buse. Convient aux pulv\u00e9risateurs Translav dv et Transacide.","robots":{"index":"index","follow":"follow","max-snippet":"max-snippet:-1","max-image-preview":"max-image-preview:large","max-video-preview":"max-video-preview:-1"},"canonical":"https:\/\/fadein.es\/fr\/producto\/lance-sk-60-inox-poignee\/","og_locale":"fr_FR","og_type":"article","og_title":"LANCE SK 60 INOX + POIGN\u00c9E","og_description":"Lance de 60 cm en acier inoxydable, avec poign\u00e9e et protection de la buse. Convient aux pulv\u00e9risateurs Translav dv et Transacide.","og_url":"https:\/\/fadein.es\/fr\/producto\/lance-sk-60-inox-poignee\/","og_site_name":"Fadein","article_modified_time":"2025-04-30T14:08:31+00:00","og_image":[{"width":800,"height":800,"url":"https:\/\/fadein.es\/wp-content\/uploads\/2025\/04\/LANZA-SK-60-INOX-EMPUNADURA.jpg","type":"image\/jpeg"}],"twitter_card":"summary_large_image","schema":{"@context":"https:\/\/schema.org","@graph":[{"@type":"WebPage","@id":"https:\/\/fadein.es\/fr\/producto\/lance-sk-60-inox-poignee\/","url":"https:\/\/fadein.es\/fr\/producto\/lance-sk-60-inox-poignee\/","name":"LANCE SK 60 INOX + POIGN\u00c9E","isPartOf":{"@id":"https:\/\/fadein.es\/fr\/#website"},"primaryImageOfPage":{"@id":"https:\/\/fadein.es\/fr\/producto\/lance-sk-60-inox-poignee\/#primaryimage"},"image":{"@id":"https:\/\/fadein.es\/fr\/producto\/lance-sk-60-inox-poignee\/#primaryimage"},"thumbnailUrl":"https:\/\/fadein.es\/wp-content\/uploads\/2025\/04\/LANZA-SK-60-INOX-EMPUNADURA.jpg","datePublished":"2025-04-30T12:08:29+00:00","dateModified":"2025-04-30T14:08:31+00:00","description":"Lance de 60 cm en acier inoxydable, avec poign\u00e9e et protection de la buse. Convient aux pulv\u00e9risateurs Translav dv et Transacide.","breadcrumb":{"@id":"https:\/\/fadein.es\/fr\/producto\/lance-sk-60-inox-poignee\/#breadcrumb"},"inLanguage":"fr-FR","potentialAction":[{"@type":"ReadAction","target":["https:\/\/fadein.es\/fr\/producto\/lance-sk-60-inox-poignee\/"]}]},{"@type":"ImageObject","inLanguage":"fr-FR","@id":"https:\/\/fadein.es\/fr\/producto\/lance-sk-60-inox-poignee\/#primaryimage","url":"https:\/\/fadein.es\/wp-content\/uploads\/2025\/04\/LANZA-SK-60-INOX-EMPUNADURA.jpg","contentUrl":"https:\/\/fadein.es\/wp-content\/uploads\/2025\/04\/LANZA-SK-60-INOX-EMPUNADURA.jpg","width":800,"height":800,"caption":"LANZA SK 60 INOX + EMPU\u00d1ADURA"},{"@type":"BreadcrumbList","@id":"https:\/\/fadein.es\/fr\/producto\/lance-sk-60-inox-poignee\/#breadcrumb","itemListElement":[{"@type":"ListItem","position":1,"name":"Portada","item":"https:\/\/fadein.es\/fr\/accueil\/"},{"@type":"ListItem","position":2,"name":"Boutique","item":"https:\/\/fadein.es\/fr\/boutique\/"},{"@type":"ListItem","position":3,"name":"LANCE SK 60 INOX + POIGN\u00c9E"}]},{"@type":"WebSite","@id":"https:\/\/fadein.es\/fr\/#website","url":"https:\/\/fadein.es\/fr\/","name":"Fadein","description":"Detergentes de alto rendimiento","publisher":{"@id":"https:\/\/fadein.es\/fr\/#organization"},"alternateName":"Detergentes de alto rendimiento","potentialAction":[{"@type":"SearchAction","target":{"@type":"EntryPoint","urlTemplate":"https:\/\/fadein.es\/fr\/?s={search_term_string}"},"query-input":{"@type":"PropertyValueSpecification","valueRequired":true,"valueName":"search_term_string"}}],"inLanguage":"fr-FR"},{"@type":"Organization","@id":"https:\/\/fadein.es\/fr\/#organization","name":"Fadein","alternateName":"Detergentes de alto rendimiento","url":"https:\/\/fadein.es\/fr\/","logo":{"@type":"ImageObject","inLanguage":"fr-FR","@id":"https:\/\/fadein.es\/fr\/#\/schema\/logo\/image\/","url":"https:\/\/fadein.es\/wp-content\/uploads\/2021\/05\/fadein-deterdentes-de-alto-rendimiento.png","contentUrl":"https:\/\/fadein.es\/wp-content\/uploads\/2021\/05\/fadein-deterdentes-de-alto-rendimiento.png","width":512,"height":512,"caption":"Fadein"},"image":{"@id":"https:\/\/fadein.es\/fr\/#\/schema\/logo\/image\/"}}]}},"_links":{"self":[{"href":"https:\/\/fadein.es\/fr\/wp-json\/wp\/v2\/product\/10065","targetHints":{"allow":["GET"]}}],"collection":[{"href":"https:\/\/fadein.es\/fr\/wp-json\/wp\/v2\/product"}],"about":[{"href":"https:\/\/fadein.es\/fr\/wp-json\/wp\/v2\/types\/product"}],"replies":[{"embeddable":true,"href":"https:\/\/fadein.es\/fr\/wp-json\/wp\/v2\/comments?post=10065"}],"wp:featuredmedia":[{"embeddable":true,"href":"https:\/\/fadein.es\/fr\/wp-json\/wp\/v2\/media\/9964"}],"wp:attachment":[{"href":"https:\/\/fadein.es\/fr\/wp-json\/wp\/v2\/media?parent=10065"}],"wp:term":[{"taxonomy":"product_brand","embeddable":true,"href":"https:\/\/fadein.es\/fr\/wp-json\/wp\/v2\/product_brand?post=10065"},{"taxonomy":"product_cat","embeddable":true,"href":"https:\/\/fadein.es\/fr\/wp-json\/wp\/v2\/product_cat?post=10065"},{"taxonomy":"product_tag","embeddable":true,"href":"https:\/\/fadein.es\/fr\/wp-json\/wp\/v2\/product_tag?post=10065"}],"curies":[{"name":"wp","href":"https:\/\/api.w.org\/{rel}","templated":true}]}}