{"id":10050,"date":"2025-04-30T11:39:07","date_gmt":"2025-04-30T09:39:07","guid":{"rendered":"https:\/\/fadein.es\/?post_type=product&#038;p=10050"},"modified":"2025-04-30T11:39:10","modified_gmt":"2025-04-30T11:39:10","slug":"pulverisateurs-alcalins-translav-dv","status":"publish","type":"product","link":"https:\/\/fadein.es\/fr\/producto\/pulverisateurs-alcalins-translav-dv\/","title":{"rendered":"PULV\u00c9RISATEURS ALCALINS TRANSLAV DV"},"content":{"rendered":"<p><strong>TRANSLAV DV ALKALINE SPRAYER <\/strong> Un pulv\u00e9risateur de solutions parfaitement dos\u00e9es, con\u00e7u pour le nettoyage des camions ou des v\u00e9hicules l\u00e9gers. <strong> Lance et tuyau non inclus, \u00e0 acheter s\u00e9par\u00e9ment.<\/strong> Convient pour le<strong> nettoyage, l&rsquo;industrie, l&rsquo;alimentation, la restauration, etc. <\/strong> <\/p>\n<p>Vous pouvez contacter le service commercial de <strong><strong>FADEIN<\/strong><\/strong> par t\u00e9l\u00e9phone<strong><strong> 91 873 87 02 <\/strong><\/strong>ou par e-mail<strong><strong> att.cliente@fadein.es <\/strong><\/strong>pour toute information compl\u00e9mentaire ou demande de devis de nos produits.  <\/p>\n","protected":false},"excerpt":{"rendered":"<p>Arroseur alcalin Translav DV<\/p>\n","protected":false},"featured_media":10000,"comment_status":"open","ping_status":"closed","template":"","meta":{"_et_pb_use_builder":"","_et_pb_old_content":"","_et_gb_content_width":""},"product_brand":[],"product_cat":[941,896],"product_tag":[1061,1058,1055,1001],"class_list":{"0":"post-10050","1":"product","2":"type-product","3":"status-publish","4":"has-post-thumbnail","6":"product_cat-pulverisateurs-et-atomiseurs","7":"product_cat-ustensiles-de-nettoyage","8":"product_tag-alimentation","9":"product_tag-industrie","10":"product_tag-nettoyage","11":"product_tag-restauration","13":"first","14":"instock","15":"taxable","16":"shipping-taxable","17":"purchasable","18":"product-type-simple"},"yoast_head":"<!-- This site is optimized with the Yoast SEO Premium plugin v27.2 (Yoast SEO v27.4) - https:\/\/yoast.com\/product\/yoast-seo-premium-wordpress\/ -->\n<title>PULV\u00c9RISATEURS ALCALINS TRANSLAV DV<\/title>\n<meta name=\"description\" content=\"Pulv\u00e9risateur d&#039;une solution parfaitement dos\u00e9e, destin\u00e9 au nettoyage des camions ou des v\u00e9hicules l\u00e9gers. Lance et tuyau non inclus.\" \/>\n<meta name=\"robots\" content=\"index, follow, max-snippet:-1, max-image-preview:large, max-video-preview:-1\" \/>\n<link rel=\"canonical\" href=\"https:\/\/fadein.es\/fr\/producto\/pulverisateurs-alcalins-translav-dv\/\" \/>\n<meta property=\"og:locale\" content=\"fr_FR\" \/>\n<meta property=\"og:type\" content=\"article\" \/>\n<meta property=\"og:title\" content=\"PULV\u00c9RISATEURS ALCALINS TRANSLAV DV\" \/>\n<meta property=\"og:description\" content=\"Pulv\u00e9risateur d&#039;une solution parfaitement dos\u00e9e, destin\u00e9 au nettoyage des camions ou des v\u00e9hicules l\u00e9gers. Lance et tuyau non inclus.\" \/>\n<meta property=\"og:url\" content=\"https:\/\/fadein.es\/fr\/producto\/pulverisateurs-alcalins-translav-dv\/\" \/>\n<meta property=\"og:site_name\" content=\"Fadein\" \/>\n<meta property=\"article:modified_time\" content=\"2025-04-30T11:39:10+00:00\" \/>\n<meta property=\"og:image\" content=\"https:\/\/fadein.es\/wp-content\/uploads\/2025\/04\/ROCIADOR-TRANSLAV-DV-ALCALINOS.jpg\" \/>\n\t<meta property=\"og:image:width\" content=\"800\" \/>\n\t<meta property=\"og:image:height\" content=\"800\" \/>\n\t<meta property=\"og:image:type\" content=\"image\/jpeg\" \/>\n<meta name=\"twitter:card\" content=\"summary_large_image\" \/>\n<script type=\"application\/ld+json\" class=\"yoast-schema-graph\">{\"@context\":\"https:\\\/\\\/schema.org\",\"@graph\":[{\"@type\":\"WebPage\",\"@id\":\"https:\\\/\\\/fadein.es\\\/fr\\\/producto\\\/pulverisateurs-alcalins-translav-dv\\\/\",\"url\":\"https:\\\/\\\/fadein.es\\\/fr\\\/producto\\\/pulverisateurs-alcalins-translav-dv\\\/\",\"name\":\"PULV\u00c9RISATEURS ALCALINS TRANSLAV DV\",\"isPartOf\":{\"@id\":\"https:\\\/\\\/fadein.es\\\/fr\\\/#website\"},\"primaryImageOfPage\":{\"@id\":\"https:\\\/\\\/fadein.es\\\/fr\\\/producto\\\/pulverisateurs-alcalins-translav-dv\\\/#primaryimage\"},\"image\":{\"@id\":\"https:\\\/\\\/fadein.es\\\/fr\\\/producto\\\/pulverisateurs-alcalins-translav-dv\\\/#primaryimage\"},\"thumbnailUrl\":\"https:\\\/\\\/fadein.es\\\/wp-content\\\/uploads\\\/2025\\\/04\\\/ROCIADOR-TRANSLAV-DV-ALCALINOS.jpg\",\"datePublished\":\"2025-04-30T09:39:07+00:00\",\"dateModified\":\"2025-04-30T11:39:10+00:00\",\"description\":\"Pulv\u00e9risateur d'une solution parfaitement dos\u00e9e, destin\u00e9 au nettoyage des camions ou des v\u00e9hicules l\u00e9gers. Lance et tuyau non inclus.\",\"breadcrumb\":{\"@id\":\"https:\\\/\\\/fadein.es\\\/fr\\\/producto\\\/pulverisateurs-alcalins-translav-dv\\\/#breadcrumb\"},\"inLanguage\":\"fr-FR\",\"potentialAction\":[{\"@type\":\"ReadAction\",\"target\":[\"https:\\\/\\\/fadein.es\\\/fr\\\/producto\\\/pulverisateurs-alcalins-translav-dv\\\/\"]}]},{\"@type\":\"ImageObject\",\"inLanguage\":\"fr-FR\",\"@id\":\"https:\\\/\\\/fadein.es\\\/fr\\\/producto\\\/pulverisateurs-alcalins-translav-dv\\\/#primaryimage\",\"url\":\"https:\\\/\\\/fadein.es\\\/wp-content\\\/uploads\\\/2025\\\/04\\\/ROCIADOR-TRANSLAV-DV-ALCALINOS.jpg\",\"contentUrl\":\"https:\\\/\\\/fadein.es\\\/wp-content\\\/uploads\\\/2025\\\/04\\\/ROCIADOR-TRANSLAV-DV-ALCALINOS.jpg\",\"width\":800,\"height\":800,\"caption\":\"ROCIADOR TRANSLAV DV (ALCALINOS)\"},{\"@type\":\"BreadcrumbList\",\"@id\":\"https:\\\/\\\/fadein.es\\\/fr\\\/producto\\\/pulverisateurs-alcalins-translav-dv\\\/#breadcrumb\",\"itemListElement\":[{\"@type\":\"ListItem\",\"position\":1,\"name\":\"Portada\",\"item\":\"https:\\\/\\\/fadein.es\\\/fr\\\/accueil\\\/\"},{\"@type\":\"ListItem\",\"position\":2,\"name\":\"Boutique\",\"item\":\"https:\\\/\\\/fadein.es\\\/fr\\\/boutique\\\/\"},{\"@type\":\"ListItem\",\"position\":3,\"name\":\"PULV\u00c9RISATEURS ALCALINS TRANSLAV DV\"}]},{\"@type\":\"WebSite\",\"@id\":\"https:\\\/\\\/fadein.es\\\/fr\\\/#website\",\"url\":\"https:\\\/\\\/fadein.es\\\/fr\\\/\",\"name\":\"Fadein\",\"description\":\"Detergentes de alto rendimiento\",\"publisher\":{\"@id\":\"https:\\\/\\\/fadein.es\\\/fr\\\/#organization\"},\"alternateName\":\"Detergentes de alto rendimiento\",\"potentialAction\":[{\"@type\":\"SearchAction\",\"target\":{\"@type\":\"EntryPoint\",\"urlTemplate\":\"https:\\\/\\\/fadein.es\\\/fr\\\/?s={search_term_string}\"},\"query-input\":{\"@type\":\"PropertyValueSpecification\",\"valueRequired\":true,\"valueName\":\"search_term_string\"}}],\"inLanguage\":\"fr-FR\"},{\"@type\":\"Organization\",\"@id\":\"https:\\\/\\\/fadein.es\\\/fr\\\/#organization\",\"name\":\"Fadein\",\"alternateName\":\"Detergentes de alto rendimiento\",\"url\":\"https:\\\/\\\/fadein.es\\\/fr\\\/\",\"logo\":{\"@type\":\"ImageObject\",\"inLanguage\":\"fr-FR\",\"@id\":\"https:\\\/\\\/fadein.es\\\/fr\\\/#\\\/schema\\\/logo\\\/image\\\/\",\"url\":\"https:\\\/\\\/fadein.es\\\/wp-content\\\/uploads\\\/2021\\\/05\\\/fadein-deterdentes-de-alto-rendimiento.png\",\"contentUrl\":\"https:\\\/\\\/fadein.es\\\/wp-content\\\/uploads\\\/2021\\\/05\\\/fadein-deterdentes-de-alto-rendimiento.png\",\"width\":512,\"height\":512,\"caption\":\"Fadein\"},\"image\":{\"@id\":\"https:\\\/\\\/fadein.es\\\/fr\\\/#\\\/schema\\\/logo\\\/image\\\/\"}}]}<\/script>\n<!-- \/ Yoast SEO Premium plugin. -->","yoast_head_json":{"title":"PULV\u00c9RISATEURS ALCALINS TRANSLAV DV","description":"Pulv\u00e9risateur d'une solution parfaitement dos\u00e9e, destin\u00e9 au nettoyage des camions ou des v\u00e9hicules l\u00e9gers. Lance et tuyau non inclus.","robots":{"index":"index","follow":"follow","max-snippet":"max-snippet:-1","max-image-preview":"max-image-preview:large","max-video-preview":"max-video-preview:-1"},"canonical":"https:\/\/fadein.es\/fr\/producto\/pulverisateurs-alcalins-translav-dv\/","og_locale":"fr_FR","og_type":"article","og_title":"PULV\u00c9RISATEURS ALCALINS TRANSLAV DV","og_description":"Pulv\u00e9risateur d'une solution parfaitement dos\u00e9e, destin\u00e9 au nettoyage des camions ou des v\u00e9hicules l\u00e9gers. Lance et tuyau non inclus.","og_url":"https:\/\/fadein.es\/fr\/producto\/pulverisateurs-alcalins-translav-dv\/","og_site_name":"Fadein","article_modified_time":"2025-04-30T11:39:10+00:00","og_image":[{"width":800,"height":800,"url":"https:\/\/fadein.es\/wp-content\/uploads\/2025\/04\/ROCIADOR-TRANSLAV-DV-ALCALINOS.jpg","type":"image\/jpeg"}],"twitter_card":"summary_large_image","schema":{"@context":"https:\/\/schema.org","@graph":[{"@type":"WebPage","@id":"https:\/\/fadein.es\/fr\/producto\/pulverisateurs-alcalins-translav-dv\/","url":"https:\/\/fadein.es\/fr\/producto\/pulverisateurs-alcalins-translav-dv\/","name":"PULV\u00c9RISATEURS ALCALINS TRANSLAV DV","isPartOf":{"@id":"https:\/\/fadein.es\/fr\/#website"},"primaryImageOfPage":{"@id":"https:\/\/fadein.es\/fr\/producto\/pulverisateurs-alcalins-translav-dv\/#primaryimage"},"image":{"@id":"https:\/\/fadein.es\/fr\/producto\/pulverisateurs-alcalins-translav-dv\/#primaryimage"},"thumbnailUrl":"https:\/\/fadein.es\/wp-content\/uploads\/2025\/04\/ROCIADOR-TRANSLAV-DV-ALCALINOS.jpg","datePublished":"2025-04-30T09:39:07+00:00","dateModified":"2025-04-30T11:39:10+00:00","description":"Pulv\u00e9risateur d'une solution parfaitement dos\u00e9e, destin\u00e9 au nettoyage des camions ou des v\u00e9hicules l\u00e9gers. Lance et tuyau non inclus.","breadcrumb":{"@id":"https:\/\/fadein.es\/fr\/producto\/pulverisateurs-alcalins-translav-dv\/#breadcrumb"},"inLanguage":"fr-FR","potentialAction":[{"@type":"ReadAction","target":["https:\/\/fadein.es\/fr\/producto\/pulverisateurs-alcalins-translav-dv\/"]}]},{"@type":"ImageObject","inLanguage":"fr-FR","@id":"https:\/\/fadein.es\/fr\/producto\/pulverisateurs-alcalins-translav-dv\/#primaryimage","url":"https:\/\/fadein.es\/wp-content\/uploads\/2025\/04\/ROCIADOR-TRANSLAV-DV-ALCALINOS.jpg","contentUrl":"https:\/\/fadein.es\/wp-content\/uploads\/2025\/04\/ROCIADOR-TRANSLAV-DV-ALCALINOS.jpg","width":800,"height":800,"caption":"ROCIADOR TRANSLAV DV (ALCALINOS)"},{"@type":"BreadcrumbList","@id":"https:\/\/fadein.es\/fr\/producto\/pulverisateurs-alcalins-translav-dv\/#breadcrumb","itemListElement":[{"@type":"ListItem","position":1,"name":"Portada","item":"https:\/\/fadein.es\/fr\/accueil\/"},{"@type":"ListItem","position":2,"name":"Boutique","item":"https:\/\/fadein.es\/fr\/boutique\/"},{"@type":"ListItem","position":3,"name":"PULV\u00c9RISATEURS ALCALINS TRANSLAV DV"}]},{"@type":"WebSite","@id":"https:\/\/fadein.es\/fr\/#website","url":"https:\/\/fadein.es\/fr\/","name":"Fadein","description":"Detergentes de alto rendimiento","publisher":{"@id":"https:\/\/fadein.es\/fr\/#organization"},"alternateName":"Detergentes de alto rendimiento","potentialAction":[{"@type":"SearchAction","target":{"@type":"EntryPoint","urlTemplate":"https:\/\/fadein.es\/fr\/?s={search_term_string}"},"query-input":{"@type":"PropertyValueSpecification","valueRequired":true,"valueName":"search_term_string"}}],"inLanguage":"fr-FR"},{"@type":"Organization","@id":"https:\/\/fadein.es\/fr\/#organization","name":"Fadein","alternateName":"Detergentes de alto rendimiento","url":"https:\/\/fadein.es\/fr\/","logo":{"@type":"ImageObject","inLanguage":"fr-FR","@id":"https:\/\/fadein.es\/fr\/#\/schema\/logo\/image\/","url":"https:\/\/fadein.es\/wp-content\/uploads\/2021\/05\/fadein-deterdentes-de-alto-rendimiento.png","contentUrl":"https:\/\/fadein.es\/wp-content\/uploads\/2021\/05\/fadein-deterdentes-de-alto-rendimiento.png","width":512,"height":512,"caption":"Fadein"},"image":{"@id":"https:\/\/fadein.es\/fr\/#\/schema\/logo\/image\/"}}]}},"_links":{"self":[{"href":"https:\/\/fadein.es\/fr\/wp-json\/wp\/v2\/product\/10050","targetHints":{"allow":["GET"]}}],"collection":[{"href":"https:\/\/fadein.es\/fr\/wp-json\/wp\/v2\/product"}],"about":[{"href":"https:\/\/fadein.es\/fr\/wp-json\/wp\/v2\/types\/product"}],"replies":[{"embeddable":true,"href":"https:\/\/fadein.es\/fr\/wp-json\/wp\/v2\/comments?post=10050"}],"wp:featuredmedia":[{"embeddable":true,"href":"https:\/\/fadein.es\/fr\/wp-json\/wp\/v2\/media\/10000"}],"wp:attachment":[{"href":"https:\/\/fadein.es\/fr\/wp-json\/wp\/v2\/media?parent=10050"}],"wp:term":[{"taxonomy":"product_brand","embeddable":true,"href":"https:\/\/fadein.es\/fr\/wp-json\/wp\/v2\/product_brand?post=10050"},{"taxonomy":"product_cat","embeddable":true,"href":"https:\/\/fadein.es\/fr\/wp-json\/wp\/v2\/product_cat?post=10050"},{"taxonomy":"product_tag","embeddable":true,"href":"https:\/\/fadein.es\/fr\/wp-json\/wp\/v2\/product_tag?post=10050"}],"curies":[{"name":"wp","href":"https:\/\/api.w.org\/{rel}","templated":true}]}}