{"id":10047,"date":"2025-04-30T11:20:08","date_gmt":"2025-04-30T09:20:08","guid":{"rendered":"https:\/\/fadein.es\/?post_type=product&#038;p=10047"},"modified":"2025-04-30T11:20:10","modified_gmt":"2025-04-30T11:20:10","slug":"pulverisateur-manuel-matabi-modele-a","status":"publish","type":"product","link":"https:\/\/fadein.es\/fr\/producto\/pulverisateur-manuel-matabi-modele-a\/","title":{"rendered":"PULV\u00c9RISATEUR MANUEL MATABI MOD\u00c8LE-A"},"content":{"rendered":"<p><strong>PULV\u00c9RISATEUR MANUEL MATABI MOD\u00c8LE-A <\/strong> Pulv\u00e9risateur \u00e0 double effet, avec buse r\u00e9glable et port\u00e9e de jet jusqu&rsquo;\u00e0 6 m. Gr\u00e2ce \u00e0 son contrepoids avec filtre, il peut \u00eatre utilis\u00e9 avec d&rsquo;autres types de r\u00e9cipients. Gr\u00e2ce \u00e0 son contrepoids avec filtre, il peut \u00eatre utilis\u00e9 avec d&rsquo;autres types de r\u00e9cipients. Adapt\u00e9 au<strong> nettoyage, \u00e0 l&rsquo;industrie, \u00e0 l&rsquo;alimentation, \u00e0 la restauration, etc. <\/strong>   <\/p>\n<p>Vous pouvez contacter le service commercial de <strong><strong>FADEIN<\/strong><\/strong> par t\u00e9l\u00e9phone<strong><strong> 91 873 87 02 <\/strong><\/strong>ou par e-mail<strong><strong> att.cliente@fadein.es <\/strong><\/strong>pour toute information compl\u00e9mentaire ou demande de devis de nos produits.  <\/p>\n","protected":false},"excerpt":{"rendered":"<p>Pulv\u00e9risateur manuel Matabi Model-A<\/p>\n","protected":false},"featured_media":9994,"comment_status":"open","ping_status":"closed","template":"","meta":{"_et_pb_use_builder":"","_et_pb_old_content":"","_et_gb_content_width":""},"product_brand":[],"product_cat":[941,896],"product_tag":[1061,1058,1055,1001],"class_list":{"0":"post-10047","1":"product","2":"type-product","3":"status-publish","4":"has-post-thumbnail","6":"product_cat-pulverisateurs-et-atomiseurs","7":"product_cat-ustensiles-de-nettoyage","8":"product_tag-alimentation","9":"product_tag-industrie","10":"product_tag-nettoyage","11":"product_tag-restauration","13":"first","14":"instock","15":"taxable","16":"shipping-taxable","17":"purchasable","18":"product-type-simple"},"yoast_head":"<!-- This site is optimized with the Yoast SEO Premium plugin v27.2 (Yoast SEO v27.2) - https:\/\/yoast.com\/product\/yoast-seo-premium-wordpress\/ -->\n<title>PULV\u00c9RISATEUR MANUEL MATABI MOD\u00c8LE-A<\/title>\n<meta name=\"description\" content=\"Pulv\u00e9risateur \u00e0 double effet avec buse r\u00e9glable et une port\u00e9e de pulv\u00e9risation allant jusqu&#039;\u00e0 6 m. Gr\u00e2ce \u00e0 son contrepoids avec filtre, il peut \u00eatre utilis\u00e9 dans diff\u00e9rents conteneurs.\" \/>\n<meta name=\"robots\" content=\"index, follow, max-snippet:-1, max-image-preview:large, max-video-preview:-1\" \/>\n<link rel=\"canonical\" href=\"https:\/\/fadein.es\/fr\/producto\/pulverisateur-manuel-matabi-modele-a\/\" \/>\n<meta property=\"og:locale\" content=\"fr_FR\" \/>\n<meta property=\"og:type\" content=\"article\" \/>\n<meta property=\"og:title\" content=\"PULV\u00c9RISATEUR MANUEL MATABI MOD\u00c8LE-A\" \/>\n<meta property=\"og:description\" content=\"Pulv\u00e9risateur \u00e0 double effet avec buse r\u00e9glable et une port\u00e9e de pulv\u00e9risation allant jusqu&#039;\u00e0 6 m. Gr\u00e2ce \u00e0 son contrepoids avec filtre, il peut \u00eatre utilis\u00e9 dans diff\u00e9rents conteneurs.\" \/>\n<meta property=\"og:url\" content=\"https:\/\/fadein.es\/fr\/producto\/pulverisateur-manuel-matabi-modele-a\/\" \/>\n<meta property=\"og:site_name\" content=\"Fadein\" \/>\n<meta property=\"article:modified_time\" content=\"2025-04-30T11:20:10+00:00\" \/>\n<meta property=\"og:image\" content=\"https:\/\/fadein.es\/wp-content\/uploads\/2025\/04\/ROCIADOR-MANUAL-MATABI-MOD-A.jpg\" \/>\n\t<meta property=\"og:image:width\" content=\"800\" \/>\n\t<meta property=\"og:image:height\" content=\"800\" \/>\n\t<meta property=\"og:image:type\" content=\"image\/jpeg\" \/>\n<meta name=\"twitter:card\" content=\"summary_large_image\" \/>\n<script type=\"application\/ld+json\" class=\"yoast-schema-graph\">{\"@context\":\"https:\/\/schema.org\",\"@graph\":[{\"@type\":\"WebPage\",\"@id\":\"https:\/\/fadein.es\/fr\/producto\/pulverisateur-manuel-matabi-modele-a\/\",\"url\":\"https:\/\/fadein.es\/fr\/producto\/pulverisateur-manuel-matabi-modele-a\/\",\"name\":\"PULV\u00c9RISATEUR MANUEL MATABI MOD\u00c8LE-A\",\"isPartOf\":{\"@id\":\"https:\/\/fadein.es\/fr\/#website\"},\"primaryImageOfPage\":{\"@id\":\"https:\/\/fadein.es\/fr\/producto\/pulverisateur-manuel-matabi-modele-a\/#primaryimage\"},\"image\":{\"@id\":\"https:\/\/fadein.es\/fr\/producto\/pulverisateur-manuel-matabi-modele-a\/#primaryimage\"},\"thumbnailUrl\":\"https:\/\/fadein.es\/wp-content\/uploads\/2025\/04\/ROCIADOR-MANUAL-MATABI-MOD-A.jpg\",\"datePublished\":\"2025-04-30T09:20:08+00:00\",\"dateModified\":\"2025-04-30T11:20:10+00:00\",\"description\":\"Pulv\u00e9risateur \u00e0 double effet avec buse r\u00e9glable et une port\u00e9e de pulv\u00e9risation allant jusqu'\u00e0 6 m. Gr\u00e2ce \u00e0 son contrepoids avec filtre, il peut \u00eatre utilis\u00e9 dans diff\u00e9rents conteneurs.\",\"breadcrumb\":{\"@id\":\"https:\/\/fadein.es\/fr\/producto\/pulverisateur-manuel-matabi-modele-a\/#breadcrumb\"},\"inLanguage\":\"fr-FR\",\"potentialAction\":[{\"@type\":\"ReadAction\",\"target\":[\"https:\/\/fadein.es\/fr\/producto\/pulverisateur-manuel-matabi-modele-a\/\"]}]},{\"@type\":\"ImageObject\",\"inLanguage\":\"fr-FR\",\"@id\":\"https:\/\/fadein.es\/fr\/producto\/pulverisateur-manuel-matabi-modele-a\/#primaryimage\",\"url\":\"https:\/\/fadein.es\/wp-content\/uploads\/2025\/04\/ROCIADOR-MANUAL-MATABI-MOD-A.jpg\",\"contentUrl\":\"https:\/\/fadein.es\/wp-content\/uploads\/2025\/04\/ROCIADOR-MANUAL-MATABI-MOD-A.jpg\",\"width\":800,\"height\":800,\"caption\":\"ROCIADOR MANUAL MATABI MOD-A\"},{\"@type\":\"BreadcrumbList\",\"@id\":\"https:\/\/fadein.es\/fr\/producto\/pulverisateur-manuel-matabi-modele-a\/#breadcrumb\",\"itemListElement\":[{\"@type\":\"ListItem\",\"position\":1,\"name\":\"Portada\",\"item\":\"https:\/\/fadein.es\/fr\/accueil\/\"},{\"@type\":\"ListItem\",\"position\":2,\"name\":\"Boutique\",\"item\":\"https:\/\/fadein.es\/fr\/boutique\/\"},{\"@type\":\"ListItem\",\"position\":3,\"name\":\"PULV\u00c9RISATEUR MANUEL MATABI MOD\u00c8LE-A\"}]},{\"@type\":\"WebSite\",\"@id\":\"https:\/\/fadein.es\/fr\/#website\",\"url\":\"https:\/\/fadein.es\/fr\/\",\"name\":\"Fadein\",\"description\":\"Detergentes de alto rendimiento\",\"publisher\":{\"@id\":\"https:\/\/fadein.es\/fr\/#organization\"},\"alternateName\":\"Detergentes de alto rendimiento\",\"potentialAction\":[{\"@type\":\"SearchAction\",\"target\":{\"@type\":\"EntryPoint\",\"urlTemplate\":\"https:\/\/fadein.es\/fr\/?s={search_term_string}\"},\"query-input\":{\"@type\":\"PropertyValueSpecification\",\"valueRequired\":true,\"valueName\":\"search_term_string\"}}],\"inLanguage\":\"fr-FR\"},{\"@type\":\"Organization\",\"@id\":\"https:\/\/fadein.es\/fr\/#organization\",\"name\":\"Fadein\",\"alternateName\":\"Detergentes de alto rendimiento\",\"url\":\"https:\/\/fadein.es\/fr\/\",\"logo\":{\"@type\":\"ImageObject\",\"inLanguage\":\"fr-FR\",\"@id\":\"https:\/\/fadein.es\/fr\/#\/schema\/logo\/image\/\",\"url\":\"https:\/\/fadein.es\/wp-content\/uploads\/2021\/05\/fadein-deterdentes-de-alto-rendimiento.png\",\"contentUrl\":\"https:\/\/fadein.es\/wp-content\/uploads\/2021\/05\/fadein-deterdentes-de-alto-rendimiento.png\",\"width\":512,\"height\":512,\"caption\":\"Fadein\"},\"image\":{\"@id\":\"https:\/\/fadein.es\/fr\/#\/schema\/logo\/image\/\"}}]}<\/script>\n<!-- \/ Yoast SEO Premium plugin. -->","yoast_head_json":{"title":"PULV\u00c9RISATEUR MANUEL MATABI MOD\u00c8LE-A","description":"Pulv\u00e9risateur \u00e0 double effet avec buse r\u00e9glable et une port\u00e9e de pulv\u00e9risation allant jusqu'\u00e0 6 m. Gr\u00e2ce \u00e0 son contrepoids avec filtre, il peut \u00eatre utilis\u00e9 dans diff\u00e9rents conteneurs.","robots":{"index":"index","follow":"follow","max-snippet":"max-snippet:-1","max-image-preview":"max-image-preview:large","max-video-preview":"max-video-preview:-1"},"canonical":"https:\/\/fadein.es\/fr\/producto\/pulverisateur-manuel-matabi-modele-a\/","og_locale":"fr_FR","og_type":"article","og_title":"PULV\u00c9RISATEUR MANUEL MATABI MOD\u00c8LE-A","og_description":"Pulv\u00e9risateur \u00e0 double effet avec buse r\u00e9glable et une port\u00e9e de pulv\u00e9risation allant jusqu'\u00e0 6 m. Gr\u00e2ce \u00e0 son contrepoids avec filtre, il peut \u00eatre utilis\u00e9 dans diff\u00e9rents conteneurs.","og_url":"https:\/\/fadein.es\/fr\/producto\/pulverisateur-manuel-matabi-modele-a\/","og_site_name":"Fadein","article_modified_time":"2025-04-30T11:20:10+00:00","og_image":[{"width":800,"height":800,"url":"https:\/\/fadein.es\/wp-content\/uploads\/2025\/04\/ROCIADOR-MANUAL-MATABI-MOD-A.jpg","type":"image\/jpeg"}],"twitter_card":"summary_large_image","schema":{"@context":"https:\/\/schema.org","@graph":[{"@type":"WebPage","@id":"https:\/\/fadein.es\/fr\/producto\/pulverisateur-manuel-matabi-modele-a\/","url":"https:\/\/fadein.es\/fr\/producto\/pulverisateur-manuel-matabi-modele-a\/","name":"PULV\u00c9RISATEUR MANUEL MATABI MOD\u00c8LE-A","isPartOf":{"@id":"https:\/\/fadein.es\/fr\/#website"},"primaryImageOfPage":{"@id":"https:\/\/fadein.es\/fr\/producto\/pulverisateur-manuel-matabi-modele-a\/#primaryimage"},"image":{"@id":"https:\/\/fadein.es\/fr\/producto\/pulverisateur-manuel-matabi-modele-a\/#primaryimage"},"thumbnailUrl":"https:\/\/fadein.es\/wp-content\/uploads\/2025\/04\/ROCIADOR-MANUAL-MATABI-MOD-A.jpg","datePublished":"2025-04-30T09:20:08+00:00","dateModified":"2025-04-30T11:20:10+00:00","description":"Pulv\u00e9risateur \u00e0 double effet avec buse r\u00e9glable et une port\u00e9e de pulv\u00e9risation allant jusqu'\u00e0 6 m. Gr\u00e2ce \u00e0 son contrepoids avec filtre, il peut \u00eatre utilis\u00e9 dans diff\u00e9rents conteneurs.","breadcrumb":{"@id":"https:\/\/fadein.es\/fr\/producto\/pulverisateur-manuel-matabi-modele-a\/#breadcrumb"},"inLanguage":"fr-FR","potentialAction":[{"@type":"ReadAction","target":["https:\/\/fadein.es\/fr\/producto\/pulverisateur-manuel-matabi-modele-a\/"]}]},{"@type":"ImageObject","inLanguage":"fr-FR","@id":"https:\/\/fadein.es\/fr\/producto\/pulverisateur-manuel-matabi-modele-a\/#primaryimage","url":"https:\/\/fadein.es\/wp-content\/uploads\/2025\/04\/ROCIADOR-MANUAL-MATABI-MOD-A.jpg","contentUrl":"https:\/\/fadein.es\/wp-content\/uploads\/2025\/04\/ROCIADOR-MANUAL-MATABI-MOD-A.jpg","width":800,"height":800,"caption":"ROCIADOR MANUAL MATABI MOD-A"},{"@type":"BreadcrumbList","@id":"https:\/\/fadein.es\/fr\/producto\/pulverisateur-manuel-matabi-modele-a\/#breadcrumb","itemListElement":[{"@type":"ListItem","position":1,"name":"Portada","item":"https:\/\/fadein.es\/fr\/accueil\/"},{"@type":"ListItem","position":2,"name":"Boutique","item":"https:\/\/fadein.es\/fr\/boutique\/"},{"@type":"ListItem","position":3,"name":"PULV\u00c9RISATEUR MANUEL MATABI MOD\u00c8LE-A"}]},{"@type":"WebSite","@id":"https:\/\/fadein.es\/fr\/#website","url":"https:\/\/fadein.es\/fr\/","name":"Fadein","description":"Detergentes de alto rendimiento","publisher":{"@id":"https:\/\/fadein.es\/fr\/#organization"},"alternateName":"Detergentes de alto rendimiento","potentialAction":[{"@type":"SearchAction","target":{"@type":"EntryPoint","urlTemplate":"https:\/\/fadein.es\/fr\/?s={search_term_string}"},"query-input":{"@type":"PropertyValueSpecification","valueRequired":true,"valueName":"search_term_string"}}],"inLanguage":"fr-FR"},{"@type":"Organization","@id":"https:\/\/fadein.es\/fr\/#organization","name":"Fadein","alternateName":"Detergentes de alto rendimiento","url":"https:\/\/fadein.es\/fr\/","logo":{"@type":"ImageObject","inLanguage":"fr-FR","@id":"https:\/\/fadein.es\/fr\/#\/schema\/logo\/image\/","url":"https:\/\/fadein.es\/wp-content\/uploads\/2021\/05\/fadein-deterdentes-de-alto-rendimiento.png","contentUrl":"https:\/\/fadein.es\/wp-content\/uploads\/2021\/05\/fadein-deterdentes-de-alto-rendimiento.png","width":512,"height":512,"caption":"Fadein"},"image":{"@id":"https:\/\/fadein.es\/fr\/#\/schema\/logo\/image\/"}}]}},"_links":{"self":[{"href":"https:\/\/fadein.es\/fr\/wp-json\/wp\/v2\/product\/10047","targetHints":{"allow":["GET"]}}],"collection":[{"href":"https:\/\/fadein.es\/fr\/wp-json\/wp\/v2\/product"}],"about":[{"href":"https:\/\/fadein.es\/fr\/wp-json\/wp\/v2\/types\/product"}],"replies":[{"embeddable":true,"href":"https:\/\/fadein.es\/fr\/wp-json\/wp\/v2\/comments?post=10047"}],"wp:featuredmedia":[{"embeddable":true,"href":"https:\/\/fadein.es\/fr\/wp-json\/wp\/v2\/media\/9994"}],"wp:attachment":[{"href":"https:\/\/fadein.es\/fr\/wp-json\/wp\/v2\/media?parent=10047"}],"wp:term":[{"taxonomy":"product_brand","embeddable":true,"href":"https:\/\/fadein.es\/fr\/wp-json\/wp\/v2\/product_brand?post=10047"},{"taxonomy":"product_cat","embeddable":true,"href":"https:\/\/fadein.es\/fr\/wp-json\/wp\/v2\/product_cat?post=10047"},{"taxonomy":"product_tag","embeddable":true,"href":"https:\/\/fadein.es\/fr\/wp-json\/wp\/v2\/product_tag?post=10047"}],"curies":[{"name":"wp","href":"https:\/\/api.w.org\/{rel}","templated":true}]}}