{"id":10044,"date":"2025-04-30T10:58:41","date_gmt":"2025-04-30T10:58:41","guid":{"rendered":"https:\/\/fadein.es\/?post_type=product&#038;p=10044"},"modified":"2025-04-30T10:58:43","modified_gmt":"2025-04-30T10:58:43","slug":"pulverisateur-pp-ik-acids-multi-9","status":"publish","type":"product","link":"https:\/\/fadein.es\/fr\/producto\/pulverisateur-pp-ik-acids-multi-9\/","title":{"rendered":"PULV\u00c9RISATEUR PP IK ACIDS MULTI 9"},"content":{"rendered":"<p><strong>PULVERISEUR PP IK ACIDS MULTI 9 <\/strong> Joints et mat\u00e9riaux r\u00e9sistants \u00e0 la plupart des acides et solvants, ainsi qu&rsquo;aux agents chimiques les plus courants utilis\u00e9s dans les secteurs de l&rsquo;industrie, de l&rsquo;automobile et du nettoyage professionnel. Soupape de s\u00e9curit\u00e9 de 3 bars avec option de d\u00e9pressurisation. R\u00e9servoir translucide avec indicateur de niveau. Entonnoir int\u00e9gr\u00e9 au r\u00e9servoir. Poign\u00e9e d&rsquo;ouverture et de fermeture en m\u00e9tal. Filtre sur la lance.<br \/>\nEnrouleur de tuyau. Possibilit\u00e9 d&rsquo;adapter une rallonge de 50 cm. Sangle de transport en bandouli\u00e8re. Buse conique r\u00e9glable. Kit de deux buses r\u00e9glables et d&rsquo;un coude avec buse \u00e9ventail en standard.<br \/>\nComprend un tuyau d&rsquo;acide suppl\u00e9mentaire. Capacit\u00e9 totale : 8 litres. &#8211; 2.11 U.S. Gals. Capacit\u00e9 utile : 6 l. &#8211; 1.58 U.S. Gals. LITRES\/MIN. 3 BAR : 0,50 l\/min. &#8211; 1 pint\/min. Convient pour le<strong> nettoyage, l&rsquo;industrie, l&rsquo;alimentation, la restauration, etc. <\/strong>                  <\/p>\n<p>Vous pouvez contacter le service commercial de <strong><strong>FADEIN<\/strong><\/strong> par t\u00e9l\u00e9phone<strong><strong> 91 873 87 02 <\/strong><\/strong>ou par e-mail<strong><strong> att.cliente@fadein.es <\/strong><\/strong>pour toute information compl\u00e9mentaire ou demande de devis de nos produits.  <\/p>\n","protected":false},"excerpt":{"rendered":"<p>PP IK Acids Multi 9 PP Sprayer  <\/p>\n","protected":false},"featured_media":9988,"comment_status":"open","ping_status":"closed","template":"","meta":{"_et_pb_use_builder":"","_et_pb_old_content":"","_et_gb_content_width":""},"product_brand":[],"product_cat":[941,896],"product_tag":[1061,1058,1055,1001],"class_list":{"0":"post-10044","1":"product","2":"type-product","3":"status-publish","4":"has-post-thumbnail","6":"product_cat-pulverisateurs-et-atomiseurs","7":"product_cat-ustensiles-de-nettoyage","8":"product_tag-alimentation","9":"product_tag-industrie","10":"product_tag-nettoyage","11":"product_tag-restauration","13":"first","14":"instock","15":"taxable","16":"shipping-taxable","17":"purchasable","18":"product-type-simple"},"yoast_head":"<!-- This site is optimized with the Yoast SEO Premium plugin v27.2 (Yoast SEO v27.5) - https:\/\/yoast.com\/product\/yoast-seo-premium-wordpress\/ -->\n<title>PULV\u00c9RISATEUR PP IK ACIDS MULTI 9<\/title>\n<meta name=\"description\" content=\"Fabriqu\u00e9s avec des joints et des mat\u00e9riaux r\u00e9sistants \u00e0 la plupart des acides et des solvants, ainsi qu&#039;aux agents chimiques les plus courants utilis\u00e9s dans divers secteurs.\" \/>\n<meta name=\"robots\" content=\"index, follow, max-snippet:-1, max-image-preview:large, max-video-preview:-1\" \/>\n<link rel=\"canonical\" href=\"https:\/\/fadein.es\/fr\/producto\/pulverisateur-pp-ik-acids-multi-9\/\" \/>\n<meta property=\"og:locale\" content=\"fr_FR\" \/>\n<meta property=\"og:type\" content=\"article\" \/>\n<meta property=\"og:title\" content=\"PULV\u00c9RISATEUR PP IK ACIDS MULTI 9\" \/>\n<meta property=\"og:description\" content=\"Fabriqu\u00e9s avec des joints et des mat\u00e9riaux r\u00e9sistants \u00e0 la plupart des acides et des solvants, ainsi qu&#039;aux agents chimiques les plus courants utilis\u00e9s dans divers secteurs.\" \/>\n<meta property=\"og:url\" content=\"https:\/\/fadein.es\/fr\/producto\/pulverisateur-pp-ik-acids-multi-9\/\" \/>\n<meta property=\"og:site_name\" content=\"Fadein\" \/>\n<meta property=\"article:modified_time\" content=\"2025-04-30T10:58:43+00:00\" \/>\n<meta property=\"og:image\" content=\"https:\/\/fadein.es\/wp-content\/uploads\/2025\/04\/PULVERIZADOR-PP-IK-MULTI-9-ACIDOS.jpg\" \/>\n\t<meta property=\"og:image:width\" content=\"800\" \/>\n\t<meta property=\"og:image:height\" content=\"800\" \/>\n\t<meta property=\"og:image:type\" content=\"image\/jpeg\" \/>\n<meta name=\"twitter:card\" content=\"summary_large_image\" \/>\n<meta name=\"twitter:label1\" content=\"Dur\u00e9e de lecture estim\u00e9e\" \/>\n\t<meta name=\"twitter:data1\" content=\"1 minute\" \/>\n<script type=\"application\/ld+json\" class=\"yoast-schema-graph\">{\"@context\":\"https:\\\/\\\/schema.org\",\"@graph\":[{\"@type\":\"WebPage\",\"@id\":\"https:\\\/\\\/fadein.es\\\/fr\\\/producto\\\/pulverisateur-pp-ik-acids-multi-9\\\/\",\"url\":\"https:\\\/\\\/fadein.es\\\/fr\\\/producto\\\/pulverisateur-pp-ik-acids-multi-9\\\/\",\"name\":\"PULV\u00c9RISATEUR PP IK ACIDS MULTI 9\",\"isPartOf\":{\"@id\":\"https:\\\/\\\/fadein.es\\\/fr\\\/#website\"},\"primaryImageOfPage\":{\"@id\":\"https:\\\/\\\/fadein.es\\\/fr\\\/producto\\\/pulverisateur-pp-ik-acids-multi-9\\\/#primaryimage\"},\"image\":{\"@id\":\"https:\\\/\\\/fadein.es\\\/fr\\\/producto\\\/pulverisateur-pp-ik-acids-multi-9\\\/#primaryimage\"},\"thumbnailUrl\":\"https:\\\/\\\/fadein.es\\\/wp-content\\\/uploads\\\/2025\\\/04\\\/PULVERIZADOR-PP-IK-MULTI-9-ACIDOS.jpg\",\"datePublished\":\"2025-04-30T10:58:41+00:00\",\"dateModified\":\"2025-04-30T10:58:43+00:00\",\"description\":\"Fabriqu\u00e9s avec des joints et des mat\u00e9riaux r\u00e9sistants \u00e0 la plupart des acides et des solvants, ainsi qu'aux agents chimiques les plus courants utilis\u00e9s dans divers secteurs.\",\"breadcrumb\":{\"@id\":\"https:\\\/\\\/fadein.es\\\/fr\\\/producto\\\/pulverisateur-pp-ik-acids-multi-9\\\/#breadcrumb\"},\"inLanguage\":\"fr-FR\",\"potentialAction\":[{\"@type\":\"ReadAction\",\"target\":[\"https:\\\/\\\/fadein.es\\\/fr\\\/producto\\\/pulverisateur-pp-ik-acids-multi-9\\\/\"]}]},{\"@type\":\"ImageObject\",\"inLanguage\":\"fr-FR\",\"@id\":\"https:\\\/\\\/fadein.es\\\/fr\\\/producto\\\/pulverisateur-pp-ik-acids-multi-9\\\/#primaryimage\",\"url\":\"https:\\\/\\\/fadein.es\\\/wp-content\\\/uploads\\\/2025\\\/04\\\/PULVERIZADOR-PP-IK-MULTI-9-ACIDOS.jpg\",\"contentUrl\":\"https:\\\/\\\/fadein.es\\\/wp-content\\\/uploads\\\/2025\\\/04\\\/PULVERIZADOR-PP-IK-MULTI-9-ACIDOS.jpg\",\"width\":800,\"height\":800,\"caption\":\"PULVERIZADOR PP IK MULTI 9 (ACIDOS)\"},{\"@type\":\"BreadcrumbList\",\"@id\":\"https:\\\/\\\/fadein.es\\\/fr\\\/producto\\\/pulverisateur-pp-ik-acids-multi-9\\\/#breadcrumb\",\"itemListElement\":[{\"@type\":\"ListItem\",\"position\":1,\"name\":\"Portada\",\"item\":\"https:\\\/\\\/fadein.es\\\/fr\\\/accueil\\\/\"},{\"@type\":\"ListItem\",\"position\":2,\"name\":\"Boutique\",\"item\":\"https:\\\/\\\/fadein.es\\\/fr\\\/boutique\\\/\"},{\"@type\":\"ListItem\",\"position\":3,\"name\":\"PULV\u00c9RISATEUR PP IK ACIDS MULTI 9\"}]},{\"@type\":\"WebSite\",\"@id\":\"https:\\\/\\\/fadein.es\\\/fr\\\/#website\",\"url\":\"https:\\\/\\\/fadein.es\\\/fr\\\/\",\"name\":\"Fadein\",\"description\":\"Detergentes de alto rendimiento\",\"publisher\":{\"@id\":\"https:\\\/\\\/fadein.es\\\/fr\\\/#organization\"},\"alternateName\":\"Detergentes de alto rendimiento\",\"potentialAction\":[{\"@type\":\"SearchAction\",\"target\":{\"@type\":\"EntryPoint\",\"urlTemplate\":\"https:\\\/\\\/fadein.es\\\/fr\\\/?s={search_term_string}\"},\"query-input\":{\"@type\":\"PropertyValueSpecification\",\"valueRequired\":true,\"valueName\":\"search_term_string\"}}],\"inLanguage\":\"fr-FR\"},{\"@type\":\"Organization\",\"@id\":\"https:\\\/\\\/fadein.es\\\/fr\\\/#organization\",\"name\":\"Fadein\",\"alternateName\":\"Detergentes de alto rendimiento\",\"url\":\"https:\\\/\\\/fadein.es\\\/fr\\\/\",\"logo\":{\"@type\":\"ImageObject\",\"inLanguage\":\"fr-FR\",\"@id\":\"https:\\\/\\\/fadein.es\\\/fr\\\/#\\\/schema\\\/logo\\\/image\\\/\",\"url\":\"https:\\\/\\\/fadein.es\\\/wp-content\\\/uploads\\\/2021\\\/05\\\/fadein-deterdentes-de-alto-rendimiento.png\",\"contentUrl\":\"https:\\\/\\\/fadein.es\\\/wp-content\\\/uploads\\\/2021\\\/05\\\/fadein-deterdentes-de-alto-rendimiento.png\",\"width\":512,\"height\":512,\"caption\":\"Fadein\"},\"image\":{\"@id\":\"https:\\\/\\\/fadein.es\\\/fr\\\/#\\\/schema\\\/logo\\\/image\\\/\"}}]}<\/script>\n<!-- \/ Yoast SEO Premium plugin. -->","yoast_head_json":{"title":"PULV\u00c9RISATEUR PP IK ACIDS MULTI 9","description":"Fabriqu\u00e9s avec des joints et des mat\u00e9riaux r\u00e9sistants \u00e0 la plupart des acides et des solvants, ainsi qu'aux agents chimiques les plus courants utilis\u00e9s dans divers secteurs.","robots":{"index":"index","follow":"follow","max-snippet":"max-snippet:-1","max-image-preview":"max-image-preview:large","max-video-preview":"max-video-preview:-1"},"canonical":"https:\/\/fadein.es\/fr\/producto\/pulverisateur-pp-ik-acids-multi-9\/","og_locale":"fr_FR","og_type":"article","og_title":"PULV\u00c9RISATEUR PP IK ACIDS MULTI 9","og_description":"Fabriqu\u00e9s avec des joints et des mat\u00e9riaux r\u00e9sistants \u00e0 la plupart des acides et des solvants, ainsi qu'aux agents chimiques les plus courants utilis\u00e9s dans divers secteurs.","og_url":"https:\/\/fadein.es\/fr\/producto\/pulverisateur-pp-ik-acids-multi-9\/","og_site_name":"Fadein","article_modified_time":"2025-04-30T10:58:43+00:00","og_image":[{"width":800,"height":800,"url":"https:\/\/fadein.es\/wp-content\/uploads\/2025\/04\/PULVERIZADOR-PP-IK-MULTI-9-ACIDOS.jpg","type":"image\/jpeg"}],"twitter_card":"summary_large_image","twitter_misc":{"Dur\u00e9e de lecture estim\u00e9e":"1 minute"},"schema":{"@context":"https:\/\/schema.org","@graph":[{"@type":"WebPage","@id":"https:\/\/fadein.es\/fr\/producto\/pulverisateur-pp-ik-acids-multi-9\/","url":"https:\/\/fadein.es\/fr\/producto\/pulverisateur-pp-ik-acids-multi-9\/","name":"PULV\u00c9RISATEUR PP IK ACIDS MULTI 9","isPartOf":{"@id":"https:\/\/fadein.es\/fr\/#website"},"primaryImageOfPage":{"@id":"https:\/\/fadein.es\/fr\/producto\/pulverisateur-pp-ik-acids-multi-9\/#primaryimage"},"image":{"@id":"https:\/\/fadein.es\/fr\/producto\/pulverisateur-pp-ik-acids-multi-9\/#primaryimage"},"thumbnailUrl":"https:\/\/fadein.es\/wp-content\/uploads\/2025\/04\/PULVERIZADOR-PP-IK-MULTI-9-ACIDOS.jpg","datePublished":"2025-04-30T10:58:41+00:00","dateModified":"2025-04-30T10:58:43+00:00","description":"Fabriqu\u00e9s avec des joints et des mat\u00e9riaux r\u00e9sistants \u00e0 la plupart des acides et des solvants, ainsi qu'aux agents chimiques les plus courants utilis\u00e9s dans divers secteurs.","breadcrumb":{"@id":"https:\/\/fadein.es\/fr\/producto\/pulverisateur-pp-ik-acids-multi-9\/#breadcrumb"},"inLanguage":"fr-FR","potentialAction":[{"@type":"ReadAction","target":["https:\/\/fadein.es\/fr\/producto\/pulverisateur-pp-ik-acids-multi-9\/"]}]},{"@type":"ImageObject","inLanguage":"fr-FR","@id":"https:\/\/fadein.es\/fr\/producto\/pulverisateur-pp-ik-acids-multi-9\/#primaryimage","url":"https:\/\/fadein.es\/wp-content\/uploads\/2025\/04\/PULVERIZADOR-PP-IK-MULTI-9-ACIDOS.jpg","contentUrl":"https:\/\/fadein.es\/wp-content\/uploads\/2025\/04\/PULVERIZADOR-PP-IK-MULTI-9-ACIDOS.jpg","width":800,"height":800,"caption":"PULVERIZADOR PP IK MULTI 9 (ACIDOS)"},{"@type":"BreadcrumbList","@id":"https:\/\/fadein.es\/fr\/producto\/pulverisateur-pp-ik-acids-multi-9\/#breadcrumb","itemListElement":[{"@type":"ListItem","position":1,"name":"Portada","item":"https:\/\/fadein.es\/fr\/accueil\/"},{"@type":"ListItem","position":2,"name":"Boutique","item":"https:\/\/fadein.es\/fr\/boutique\/"},{"@type":"ListItem","position":3,"name":"PULV\u00c9RISATEUR PP IK ACIDS MULTI 9"}]},{"@type":"WebSite","@id":"https:\/\/fadein.es\/fr\/#website","url":"https:\/\/fadein.es\/fr\/","name":"Fadein","description":"Detergentes de alto rendimiento","publisher":{"@id":"https:\/\/fadein.es\/fr\/#organization"},"alternateName":"Detergentes de alto rendimiento","potentialAction":[{"@type":"SearchAction","target":{"@type":"EntryPoint","urlTemplate":"https:\/\/fadein.es\/fr\/?s={search_term_string}"},"query-input":{"@type":"PropertyValueSpecification","valueRequired":true,"valueName":"search_term_string"}}],"inLanguage":"fr-FR"},{"@type":"Organization","@id":"https:\/\/fadein.es\/fr\/#organization","name":"Fadein","alternateName":"Detergentes de alto rendimiento","url":"https:\/\/fadein.es\/fr\/","logo":{"@type":"ImageObject","inLanguage":"fr-FR","@id":"https:\/\/fadein.es\/fr\/#\/schema\/logo\/image\/","url":"https:\/\/fadein.es\/wp-content\/uploads\/2021\/05\/fadein-deterdentes-de-alto-rendimiento.png","contentUrl":"https:\/\/fadein.es\/wp-content\/uploads\/2021\/05\/fadein-deterdentes-de-alto-rendimiento.png","width":512,"height":512,"caption":"Fadein"},"image":{"@id":"https:\/\/fadein.es\/fr\/#\/schema\/logo\/image\/"}}]}},"_links":{"self":[{"href":"https:\/\/fadein.es\/fr\/wp-json\/wp\/v2\/product\/10044","targetHints":{"allow":["GET"]}}],"collection":[{"href":"https:\/\/fadein.es\/fr\/wp-json\/wp\/v2\/product"}],"about":[{"href":"https:\/\/fadein.es\/fr\/wp-json\/wp\/v2\/types\/product"}],"replies":[{"embeddable":true,"href":"https:\/\/fadein.es\/fr\/wp-json\/wp\/v2\/comments?post=10044"}],"wp:featuredmedia":[{"embeddable":true,"href":"https:\/\/fadein.es\/fr\/wp-json\/wp\/v2\/media\/9988"}],"wp:attachment":[{"href":"https:\/\/fadein.es\/fr\/wp-json\/wp\/v2\/media?parent=10044"}],"wp:term":[{"taxonomy":"product_brand","embeddable":true,"href":"https:\/\/fadein.es\/fr\/wp-json\/wp\/v2\/product_brand?post=10044"},{"taxonomy":"product_cat","embeddable":true,"href":"https:\/\/fadein.es\/fr\/wp-json\/wp\/v2\/product_cat?post=10044"},{"taxonomy":"product_tag","embeddable":true,"href":"https:\/\/fadein.es\/fr\/wp-json\/wp\/v2\/product_tag?post=10044"}],"curies":[{"name":"wp","href":"https:\/\/api.w.org\/{rel}","templated":true}]}}