{"id":10031,"date":"2025-04-30T09:10:42","date_gmt":"2025-04-30T09:10:42","guid":{"rendered":"https:\/\/fadein.es\/?post_type=product&#038;p=10031"},"modified":"2025-04-30T09:10:44","modified_gmt":"2025-04-30T09:10:44","slug":"pulverisateur-pp-ik-hydrocarbures-15","status":"publish","type":"product","link":"https:\/\/fadein.es\/fr\/producto\/pulverisateur-pp-ik-hydrocarbures-15\/","title":{"rendered":"PULV\u00c9RISATEUR PP IK HYDROCARBURES 1&rsquo;5"},"content":{"rendered":"<p><strong>PP IK HYDROCARBONS 1&rsquo;5 PULVERIZER PP IK HYDROCARBONS 1&rsquo;5 <\/strong> Pulv\u00e9risateur pour huiles v\u00e9g\u00e9tales et animales, solvants \u00e0 base d&rsquo;hydrocarbures, lubrifiants et d\u00e9riv\u00e9s du p\u00e9trole.<strong> Ne convient pas pour les acides.<\/strong><\/p>\n<p>Son champ d&rsquo;application s&rsquo;\u00e9tend \u00e0 : Nettoyage des freins, de la carrosserie, des machines et des moteurs, \u00e9limination des taches de goudron sur les outils. Application de lubrifiants, d\u00e9graissage, traitement du bois, imperm\u00e9abilisation, liquides de d\u00e9paraffinage, etc. Convient au<strong> nettoyage, \u00e0 l&rsquo;industrie, \u00e0 l&rsquo;alimentation, \u00e0 la restauration, etc. <\/strong>   <\/p>\n<p>&#8211; Capacit\u00e9 totale en litres : 1,5 l.<\/p>\n<p>&#8211; Capacit\u00e9 utile : 1 l.<\/p>\n<p>&#8211; Litres\/min. 3 bar : 0,5l\/min. <\/p>\n<p>Vous pouvez contacter le service commercial de <strong><strong>FADEIN<\/strong><\/strong> par t\u00e9l\u00e9phone<strong><strong> 91 873 87 02 <\/strong><\/strong>ou par e-mail<strong><strong> att.cliente@fadein.es <\/strong><\/strong>pour toute information compl\u00e9mentaire ou demande de devis de nos produits.  <\/p>\n","protected":false},"excerpt":{"rendered":"<p>PP IK Hydrocarbon 1&rsquo;5&Prime; PP IK Hydrocarbon Sprayer<\/p>\n","protected":false},"featured_media":9991,"comment_status":"open","ping_status":"closed","template":"","meta":{"_et_pb_use_builder":"","_et_pb_old_content":"","_et_gb_content_width":""},"product_brand":[],"product_cat":[941,896],"product_tag":[1061,1058,1055,1001],"class_list":{"0":"post-10031","1":"product","2":"type-product","3":"status-publish","4":"has-post-thumbnail","6":"product_cat-pulverisateurs-et-atomiseurs","7":"product_cat-ustensiles-de-nettoyage","8":"product_tag-alimentation","9":"product_tag-industrie","10":"product_tag-nettoyage","11":"product_tag-restauration","13":"first","14":"instock","15":"taxable","16":"shipping-taxable","17":"purchasable","18":"product-type-simple"},"yoast_head":"<!-- This site is optimized with the Yoast SEO Premium plugin v27.2 (Yoast SEO v27.4) - https:\/\/yoast.com\/product\/yoast-seo-premium-wordpress\/ -->\n<title>PULV\u00c9RISATEUR PP IK HYDROCARBURES 1&#039;5<\/title>\n<meta name=\"description\" content=\"Pulv\u00e9risateur fabriqu\u00e9 pour \u00eatre utilis\u00e9 avec des huiles v\u00e9g\u00e9tales et animales, des solvants \u00e0 base d&#039;hydrocarbures, des lubrifiants et des d\u00e9riv\u00e9s du p\u00e9trole.\" \/>\n<meta name=\"robots\" content=\"index, follow, max-snippet:-1, max-image-preview:large, max-video-preview:-1\" \/>\n<link rel=\"canonical\" href=\"https:\/\/fadein.es\/fr\/producto\/pulverisateur-pp-ik-hydrocarbures-15\/\" \/>\n<meta property=\"og:locale\" content=\"fr_FR\" \/>\n<meta property=\"og:type\" content=\"article\" \/>\n<meta property=\"og:title\" content=\"PULV\u00c9RISATEUR PP IK HYDROCARBURES 1&#039;5\" \/>\n<meta property=\"og:description\" content=\"Pulv\u00e9risateur fabriqu\u00e9 pour \u00eatre utilis\u00e9 avec des huiles v\u00e9g\u00e9tales et animales, des solvants \u00e0 base d&#039;hydrocarbures, des lubrifiants et des d\u00e9riv\u00e9s du p\u00e9trole.\" \/>\n<meta property=\"og:url\" content=\"https:\/\/fadein.es\/fr\/producto\/pulverisateur-pp-ik-hydrocarbures-15\/\" \/>\n<meta property=\"og:site_name\" content=\"Fadein\" \/>\n<meta property=\"article:modified_time\" content=\"2025-04-30T09:10:44+00:00\" \/>\n<meta property=\"og:image\" content=\"https:\/\/fadein.es\/wp-content\/uploads\/2025\/04\/PULVERIZADOR-PP-IK-HC-15-HIDROCARBUROS.jpg\" \/>\n\t<meta property=\"og:image:width\" content=\"800\" \/>\n\t<meta property=\"og:image:height\" content=\"800\" \/>\n\t<meta property=\"og:image:type\" content=\"image\/jpeg\" \/>\n<meta name=\"twitter:card\" content=\"summary_large_image\" \/>\n<meta name=\"twitter:label1\" content=\"Dur\u00e9e de lecture estim\u00e9e\" \/>\n\t<meta name=\"twitter:data1\" content=\"1 minute\" \/>\n<script type=\"application\/ld+json\" class=\"yoast-schema-graph\">{\"@context\":\"https:\\\/\\\/schema.org\",\"@graph\":[{\"@type\":\"WebPage\",\"@id\":\"https:\\\/\\\/fadein.es\\\/fr\\\/producto\\\/pulverisateur-pp-ik-hydrocarbures-15\\\/\",\"url\":\"https:\\\/\\\/fadein.es\\\/fr\\\/producto\\\/pulverisateur-pp-ik-hydrocarbures-15\\\/\",\"name\":\"PULV\u00c9RISATEUR PP IK HYDROCARBURES 1'5\",\"isPartOf\":{\"@id\":\"https:\\\/\\\/fadein.es\\\/fr\\\/#website\"},\"primaryImageOfPage\":{\"@id\":\"https:\\\/\\\/fadein.es\\\/fr\\\/producto\\\/pulverisateur-pp-ik-hydrocarbures-15\\\/#primaryimage\"},\"image\":{\"@id\":\"https:\\\/\\\/fadein.es\\\/fr\\\/producto\\\/pulverisateur-pp-ik-hydrocarbures-15\\\/#primaryimage\"},\"thumbnailUrl\":\"https:\\\/\\\/fadein.es\\\/wp-content\\\/uploads\\\/2025\\\/04\\\/PULVERIZADOR-PP-IK-HC-15-HIDROCARBUROS.jpg\",\"datePublished\":\"2025-04-30T09:10:42+00:00\",\"dateModified\":\"2025-04-30T09:10:44+00:00\",\"description\":\"Pulv\u00e9risateur fabriqu\u00e9 pour \u00eatre utilis\u00e9 avec des huiles v\u00e9g\u00e9tales et animales, des solvants \u00e0 base d'hydrocarbures, des lubrifiants et des d\u00e9riv\u00e9s du p\u00e9trole.\",\"breadcrumb\":{\"@id\":\"https:\\\/\\\/fadein.es\\\/fr\\\/producto\\\/pulverisateur-pp-ik-hydrocarbures-15\\\/#breadcrumb\"},\"inLanguage\":\"fr-FR\",\"potentialAction\":[{\"@type\":\"ReadAction\",\"target\":[\"https:\\\/\\\/fadein.es\\\/fr\\\/producto\\\/pulverisateur-pp-ik-hydrocarbures-15\\\/\"]}]},{\"@type\":\"ImageObject\",\"inLanguage\":\"fr-FR\",\"@id\":\"https:\\\/\\\/fadein.es\\\/fr\\\/producto\\\/pulverisateur-pp-ik-hydrocarbures-15\\\/#primaryimage\",\"url\":\"https:\\\/\\\/fadein.es\\\/wp-content\\\/uploads\\\/2025\\\/04\\\/PULVERIZADOR-PP-IK-HC-15-HIDROCARBUROS.jpg\",\"contentUrl\":\"https:\\\/\\\/fadein.es\\\/wp-content\\\/uploads\\\/2025\\\/04\\\/PULVERIZADOR-PP-IK-HC-15-HIDROCARBUROS.jpg\",\"width\":800,\"height\":800,\"caption\":\"PULVERIZADOR PP IK HC 1'5 (HIDROCARBUROS)\"},{\"@type\":\"BreadcrumbList\",\"@id\":\"https:\\\/\\\/fadein.es\\\/fr\\\/producto\\\/pulverisateur-pp-ik-hydrocarbures-15\\\/#breadcrumb\",\"itemListElement\":[{\"@type\":\"ListItem\",\"position\":1,\"name\":\"Portada\",\"item\":\"https:\\\/\\\/fadein.es\\\/fr\\\/accueil\\\/\"},{\"@type\":\"ListItem\",\"position\":2,\"name\":\"Boutique\",\"item\":\"https:\\\/\\\/fadein.es\\\/fr\\\/boutique\\\/\"},{\"@type\":\"ListItem\",\"position\":3,\"name\":\"PULV\u00c9RISATEUR PP IK HYDROCARBURES 1&#8217;5\"}]},{\"@type\":\"WebSite\",\"@id\":\"https:\\\/\\\/fadein.es\\\/fr\\\/#website\",\"url\":\"https:\\\/\\\/fadein.es\\\/fr\\\/\",\"name\":\"Fadein\",\"description\":\"Detergentes de alto rendimiento\",\"publisher\":{\"@id\":\"https:\\\/\\\/fadein.es\\\/fr\\\/#organization\"},\"alternateName\":\"Detergentes de alto rendimiento\",\"potentialAction\":[{\"@type\":\"SearchAction\",\"target\":{\"@type\":\"EntryPoint\",\"urlTemplate\":\"https:\\\/\\\/fadein.es\\\/fr\\\/?s={search_term_string}\"},\"query-input\":{\"@type\":\"PropertyValueSpecification\",\"valueRequired\":true,\"valueName\":\"search_term_string\"}}],\"inLanguage\":\"fr-FR\"},{\"@type\":\"Organization\",\"@id\":\"https:\\\/\\\/fadein.es\\\/fr\\\/#organization\",\"name\":\"Fadein\",\"alternateName\":\"Detergentes de alto rendimiento\",\"url\":\"https:\\\/\\\/fadein.es\\\/fr\\\/\",\"logo\":{\"@type\":\"ImageObject\",\"inLanguage\":\"fr-FR\",\"@id\":\"https:\\\/\\\/fadein.es\\\/fr\\\/#\\\/schema\\\/logo\\\/image\\\/\",\"url\":\"https:\\\/\\\/fadein.es\\\/wp-content\\\/uploads\\\/2021\\\/05\\\/fadein-deterdentes-de-alto-rendimiento.png\",\"contentUrl\":\"https:\\\/\\\/fadein.es\\\/wp-content\\\/uploads\\\/2021\\\/05\\\/fadein-deterdentes-de-alto-rendimiento.png\",\"width\":512,\"height\":512,\"caption\":\"Fadein\"},\"image\":{\"@id\":\"https:\\\/\\\/fadein.es\\\/fr\\\/#\\\/schema\\\/logo\\\/image\\\/\"}}]}<\/script>\n<!-- \/ Yoast SEO Premium plugin. -->","yoast_head_json":{"title":"PULV\u00c9RISATEUR PP IK HYDROCARBURES 1'5","description":"Pulv\u00e9risateur fabriqu\u00e9 pour \u00eatre utilis\u00e9 avec des huiles v\u00e9g\u00e9tales et animales, des solvants \u00e0 base d'hydrocarbures, des lubrifiants et des d\u00e9riv\u00e9s du p\u00e9trole.","robots":{"index":"index","follow":"follow","max-snippet":"max-snippet:-1","max-image-preview":"max-image-preview:large","max-video-preview":"max-video-preview:-1"},"canonical":"https:\/\/fadein.es\/fr\/producto\/pulverisateur-pp-ik-hydrocarbures-15\/","og_locale":"fr_FR","og_type":"article","og_title":"PULV\u00c9RISATEUR PP IK HYDROCARBURES 1'5","og_description":"Pulv\u00e9risateur fabriqu\u00e9 pour \u00eatre utilis\u00e9 avec des huiles v\u00e9g\u00e9tales et animales, des solvants \u00e0 base d'hydrocarbures, des lubrifiants et des d\u00e9riv\u00e9s du p\u00e9trole.","og_url":"https:\/\/fadein.es\/fr\/producto\/pulverisateur-pp-ik-hydrocarbures-15\/","og_site_name":"Fadein","article_modified_time":"2025-04-30T09:10:44+00:00","og_image":[{"width":800,"height":800,"url":"https:\/\/fadein.es\/wp-content\/uploads\/2025\/04\/PULVERIZADOR-PP-IK-HC-15-HIDROCARBUROS.jpg","type":"image\/jpeg"}],"twitter_card":"summary_large_image","twitter_misc":{"Dur\u00e9e de lecture estim\u00e9e":"1 minute"},"schema":{"@context":"https:\/\/schema.org","@graph":[{"@type":"WebPage","@id":"https:\/\/fadein.es\/fr\/producto\/pulverisateur-pp-ik-hydrocarbures-15\/","url":"https:\/\/fadein.es\/fr\/producto\/pulverisateur-pp-ik-hydrocarbures-15\/","name":"PULV\u00c9RISATEUR PP IK HYDROCARBURES 1'5","isPartOf":{"@id":"https:\/\/fadein.es\/fr\/#website"},"primaryImageOfPage":{"@id":"https:\/\/fadein.es\/fr\/producto\/pulverisateur-pp-ik-hydrocarbures-15\/#primaryimage"},"image":{"@id":"https:\/\/fadein.es\/fr\/producto\/pulverisateur-pp-ik-hydrocarbures-15\/#primaryimage"},"thumbnailUrl":"https:\/\/fadein.es\/wp-content\/uploads\/2025\/04\/PULVERIZADOR-PP-IK-HC-15-HIDROCARBUROS.jpg","datePublished":"2025-04-30T09:10:42+00:00","dateModified":"2025-04-30T09:10:44+00:00","description":"Pulv\u00e9risateur fabriqu\u00e9 pour \u00eatre utilis\u00e9 avec des huiles v\u00e9g\u00e9tales et animales, des solvants \u00e0 base d'hydrocarbures, des lubrifiants et des d\u00e9riv\u00e9s du p\u00e9trole.","breadcrumb":{"@id":"https:\/\/fadein.es\/fr\/producto\/pulverisateur-pp-ik-hydrocarbures-15\/#breadcrumb"},"inLanguage":"fr-FR","potentialAction":[{"@type":"ReadAction","target":["https:\/\/fadein.es\/fr\/producto\/pulverisateur-pp-ik-hydrocarbures-15\/"]}]},{"@type":"ImageObject","inLanguage":"fr-FR","@id":"https:\/\/fadein.es\/fr\/producto\/pulverisateur-pp-ik-hydrocarbures-15\/#primaryimage","url":"https:\/\/fadein.es\/wp-content\/uploads\/2025\/04\/PULVERIZADOR-PP-IK-HC-15-HIDROCARBUROS.jpg","contentUrl":"https:\/\/fadein.es\/wp-content\/uploads\/2025\/04\/PULVERIZADOR-PP-IK-HC-15-HIDROCARBUROS.jpg","width":800,"height":800,"caption":"PULVERIZADOR PP IK HC 1'5 (HIDROCARBUROS)"},{"@type":"BreadcrumbList","@id":"https:\/\/fadein.es\/fr\/producto\/pulverisateur-pp-ik-hydrocarbures-15\/#breadcrumb","itemListElement":[{"@type":"ListItem","position":1,"name":"Portada","item":"https:\/\/fadein.es\/fr\/accueil\/"},{"@type":"ListItem","position":2,"name":"Boutique","item":"https:\/\/fadein.es\/fr\/boutique\/"},{"@type":"ListItem","position":3,"name":"PULV\u00c9RISATEUR PP IK HYDROCARBURES 1&#8217;5"}]},{"@type":"WebSite","@id":"https:\/\/fadein.es\/fr\/#website","url":"https:\/\/fadein.es\/fr\/","name":"Fadein","description":"Detergentes de alto rendimiento","publisher":{"@id":"https:\/\/fadein.es\/fr\/#organization"},"alternateName":"Detergentes de alto rendimiento","potentialAction":[{"@type":"SearchAction","target":{"@type":"EntryPoint","urlTemplate":"https:\/\/fadein.es\/fr\/?s={search_term_string}"},"query-input":{"@type":"PropertyValueSpecification","valueRequired":true,"valueName":"search_term_string"}}],"inLanguage":"fr-FR"},{"@type":"Organization","@id":"https:\/\/fadein.es\/fr\/#organization","name":"Fadein","alternateName":"Detergentes de alto rendimiento","url":"https:\/\/fadein.es\/fr\/","logo":{"@type":"ImageObject","inLanguage":"fr-FR","@id":"https:\/\/fadein.es\/fr\/#\/schema\/logo\/image\/","url":"https:\/\/fadein.es\/wp-content\/uploads\/2021\/05\/fadein-deterdentes-de-alto-rendimiento.png","contentUrl":"https:\/\/fadein.es\/wp-content\/uploads\/2021\/05\/fadein-deterdentes-de-alto-rendimiento.png","width":512,"height":512,"caption":"Fadein"},"image":{"@id":"https:\/\/fadein.es\/fr\/#\/schema\/logo\/image\/"}}]}},"_links":{"self":[{"href":"https:\/\/fadein.es\/fr\/wp-json\/wp\/v2\/product\/10031","targetHints":{"allow":["GET"]}}],"collection":[{"href":"https:\/\/fadein.es\/fr\/wp-json\/wp\/v2\/product"}],"about":[{"href":"https:\/\/fadein.es\/fr\/wp-json\/wp\/v2\/types\/product"}],"replies":[{"embeddable":true,"href":"https:\/\/fadein.es\/fr\/wp-json\/wp\/v2\/comments?post=10031"}],"wp:featuredmedia":[{"embeddable":true,"href":"https:\/\/fadein.es\/fr\/wp-json\/wp\/v2\/media\/9991"}],"wp:attachment":[{"href":"https:\/\/fadein.es\/fr\/wp-json\/wp\/v2\/media?parent=10031"}],"wp:term":[{"taxonomy":"product_brand","embeddable":true,"href":"https:\/\/fadein.es\/fr\/wp-json\/wp\/v2\/product_brand?post=10031"},{"taxonomy":"product_cat","embeddable":true,"href":"https:\/\/fadein.es\/fr\/wp-json\/wp\/v2\/product_cat?post=10031"},{"taxonomy":"product_tag","embeddable":true,"href":"https:\/\/fadein.es\/fr\/wp-json\/wp\/v2\/product_tag?post=10031"}],"curies":[{"name":"wp","href":"https:\/\/api.w.org\/{rel}","templated":true}]}}