{"id":10027,"date":"2025-04-29T16:26:38","date_gmt":"2025-04-29T16:26:38","guid":{"rendered":"https:\/\/fadein.es\/?post_type=product&#038;p=10027"},"modified":"2025-04-29T16:26:40","modified_gmt":"2025-04-29T16:26:40","slug":"pulverisateur-pp-ik-alcalines-9","status":"publish","type":"product","link":"https:\/\/fadein.es\/fr\/producto\/pulverisateur-pp-ik-alcalines-9\/","title":{"rendered":"PULV\u00c9RISATEUR PP IK ALCALINES 9"},"content":{"rendered":"<p><strong>PULVERISEUR PP IK ALKALINE 9 (ALKALINE) <\/strong> Joints, mat\u00e9riaux et tuyaux r\u00e9sistants aux substances alcalines, aux alcools, aux ac\u00e9tones et \u00e0 la plupart des agents chimiques utilis\u00e9s dans le monde de la d\u00e9sinfection et du nettoyage. Soupape de s\u00e9curit\u00e9 \u00e0 3 bars avec possibilit\u00e9 de d\u00e9pressurisation. R\u00e9servoir translucide avec indicateur de niveau. Entonnoir int\u00e9gr\u00e9 au r\u00e9servoir. Poign\u00e9e d&rsquo;ouverture et de fermeture en m\u00e9tal. Filtre sur la lance. Enrouleur de tuyau. Possibilit\u00e9 d&rsquo;adapter une rallonge de 50 cm. Sangle de transport en bandouli\u00e8re. Buse conique r\u00e9glable. Tuyau sp\u00e9cial r\u00e9sistant aux produits alcalins. Extra : coude standard avec buse en \u00e9ventail.           <\/p>\n<p>Afin de couvrir tous les produits alcalins, les alcools et les c\u00e9tones, deux lances sont incluses : en acier inoxydable et en plastique. Dans les instructions du produit, il est indiqu\u00e9 avec quel produit chimique utiliser chacune d&rsquo;entre elles. Capacit\u00e9 totale en litres : 8 l. &#8211; 2.11 U.S. Gals. Capacit\u00e9 utile : 6 l. &#8211; 1.58 U.S. Gals. Convient pour le<strong> nettoyage, l&rsquo;industrie, l&rsquo;alimentation, la restauration, etc. <\/strong>       <\/p>\n<p>Vous pouvez contacter le service commercial de <strong><strong>FADEIN<\/strong><\/strong> par t\u00e9l\u00e9phone<strong><strong> 91 873 87 02 <\/strong><\/strong>ou par e-mail<strong><strong> att.cliente@fadein.es <\/strong><\/strong>pour toute information compl\u00e9mentaire ou demande de devis de nos produits.  <\/p>\n","protected":false},"excerpt":{"rendered":"<p>PP IK Alkaline 9 PP IK Alkaline 9 Pulv\u00e9risateur<\/p>\n","protected":false},"featured_media":9982,"comment_status":"open","ping_status":"closed","template":"","meta":{"_et_pb_use_builder":"","_et_pb_old_content":"","_et_gb_content_width":""},"product_brand":[],"product_cat":[941,896],"product_tag":[1061,1058,1055,1001],"class_list":{"0":"post-10027","1":"product","2":"type-product","3":"status-publish","4":"has-post-thumbnail","6":"product_cat-pulverisateurs-et-atomiseurs","7":"product_cat-ustensiles-de-nettoyage","8":"product_tag-alimentation","9":"product_tag-industrie","10":"product_tag-nettoyage","11":"product_tag-restauration","13":"first","14":"instock","15":"taxable","16":"shipping-taxable","17":"purchasable","18":"product-type-simple"},"yoast_head":"<!-- This site is optimized with the Yoast SEO Premium plugin v27.2 (Yoast SEO v27.5) - https:\/\/yoast.com\/product\/yoast-seo-premium-wordpress\/ -->\n<title>PULV\u00c9RISATEUR PP IK ALCALINES 9<\/title>\n<meta name=\"description\" content=\"Joints, mat\u00e9riaux et tuyaux r\u00e9sistants aux alcalis, aux alcools, aux ac\u00e9tones et aux produits chimiques utilis\u00e9s pour la d\u00e9sinfection.\" \/>\n<meta name=\"robots\" content=\"index, follow, max-snippet:-1, max-image-preview:large, max-video-preview:-1\" \/>\n<link rel=\"canonical\" href=\"https:\/\/fadein.es\/fr\/producto\/pulverisateur-pp-ik-alcalines-9\/\" \/>\n<meta property=\"og:locale\" content=\"fr_FR\" \/>\n<meta property=\"og:type\" content=\"article\" \/>\n<meta property=\"og:title\" content=\"PULV\u00c9RISATEUR PP IK ALCALINES 9\" \/>\n<meta property=\"og:description\" content=\"Joints, mat\u00e9riaux et tuyaux r\u00e9sistants aux alcalis, aux alcools, aux ac\u00e9tones et aux produits chimiques utilis\u00e9s pour la d\u00e9sinfection.\" \/>\n<meta property=\"og:url\" content=\"https:\/\/fadein.es\/fr\/producto\/pulverisateur-pp-ik-alcalines-9\/\" \/>\n<meta property=\"og:site_name\" content=\"Fadein\" \/>\n<meta property=\"article:modified_time\" content=\"2025-04-29T16:26:40+00:00\" \/>\n<meta property=\"og:image\" content=\"https:\/\/fadein.es\/wp-content\/uploads\/2025\/04\/PULVERIZADOR-PP-IK-ALKALINE-9-ALCALINOS.jpg\" \/>\n\t<meta property=\"og:image:width\" content=\"800\" \/>\n\t<meta property=\"og:image:height\" content=\"800\" \/>\n\t<meta property=\"og:image:type\" content=\"image\/jpeg\" \/>\n<meta name=\"twitter:card\" content=\"summary_large_image\" \/>\n<meta name=\"twitter:label1\" content=\"Dur\u00e9e de lecture estim\u00e9e\" \/>\n\t<meta name=\"twitter:data1\" content=\"1 minute\" \/>\n<script type=\"application\/ld+json\" class=\"yoast-schema-graph\">{\"@context\":\"https:\\\/\\\/schema.org\",\"@graph\":[{\"@type\":\"WebPage\",\"@id\":\"https:\\\/\\\/fadein.es\\\/fr\\\/producto\\\/pulverisateur-pp-ik-alcalines-9\\\/\",\"url\":\"https:\\\/\\\/fadein.es\\\/fr\\\/producto\\\/pulverisateur-pp-ik-alcalines-9\\\/\",\"name\":\"PULV\u00c9RISATEUR PP IK ALCALINES 9\",\"isPartOf\":{\"@id\":\"https:\\\/\\\/fadein.es\\\/fr\\\/#website\"},\"primaryImageOfPage\":{\"@id\":\"https:\\\/\\\/fadein.es\\\/fr\\\/producto\\\/pulverisateur-pp-ik-alcalines-9\\\/#primaryimage\"},\"image\":{\"@id\":\"https:\\\/\\\/fadein.es\\\/fr\\\/producto\\\/pulverisateur-pp-ik-alcalines-9\\\/#primaryimage\"},\"thumbnailUrl\":\"https:\\\/\\\/fadein.es\\\/wp-content\\\/uploads\\\/2025\\\/04\\\/PULVERIZADOR-PP-IK-ALKALINE-9-ALCALINOS.jpg\",\"datePublished\":\"2025-04-29T16:26:38+00:00\",\"dateModified\":\"2025-04-29T16:26:40+00:00\",\"description\":\"Joints, mat\u00e9riaux et tuyaux r\u00e9sistants aux alcalis, aux alcools, aux ac\u00e9tones et aux produits chimiques utilis\u00e9s pour la d\u00e9sinfection.\",\"breadcrumb\":{\"@id\":\"https:\\\/\\\/fadein.es\\\/fr\\\/producto\\\/pulverisateur-pp-ik-alcalines-9\\\/#breadcrumb\"},\"inLanguage\":\"fr-FR\",\"potentialAction\":[{\"@type\":\"ReadAction\",\"target\":[\"https:\\\/\\\/fadein.es\\\/fr\\\/producto\\\/pulverisateur-pp-ik-alcalines-9\\\/\"]}]},{\"@type\":\"ImageObject\",\"inLanguage\":\"fr-FR\",\"@id\":\"https:\\\/\\\/fadein.es\\\/fr\\\/producto\\\/pulverisateur-pp-ik-alcalines-9\\\/#primaryimage\",\"url\":\"https:\\\/\\\/fadein.es\\\/wp-content\\\/uploads\\\/2025\\\/04\\\/PULVERIZADOR-PP-IK-ALKALINE-9-ALCALINOS.jpg\",\"contentUrl\":\"https:\\\/\\\/fadein.es\\\/wp-content\\\/uploads\\\/2025\\\/04\\\/PULVERIZADOR-PP-IK-ALKALINE-9-ALCALINOS.jpg\",\"width\":800,\"height\":800,\"caption\":\"PULVERIZADOR PP IK ALKALINE 9 (ALCALINOS)\"},{\"@type\":\"BreadcrumbList\",\"@id\":\"https:\\\/\\\/fadein.es\\\/fr\\\/producto\\\/pulverisateur-pp-ik-alcalines-9\\\/#breadcrumb\",\"itemListElement\":[{\"@type\":\"ListItem\",\"position\":1,\"name\":\"Portada\",\"item\":\"https:\\\/\\\/fadein.es\\\/fr\\\/accueil\\\/\"},{\"@type\":\"ListItem\",\"position\":2,\"name\":\"Boutique\",\"item\":\"https:\\\/\\\/fadein.es\\\/fr\\\/boutique\\\/\"},{\"@type\":\"ListItem\",\"position\":3,\"name\":\"PULV\u00c9RISATEUR PP IK ALCALINES 9\"}]},{\"@type\":\"WebSite\",\"@id\":\"https:\\\/\\\/fadein.es\\\/fr\\\/#website\",\"url\":\"https:\\\/\\\/fadein.es\\\/fr\\\/\",\"name\":\"Fadein\",\"description\":\"Detergentes de alto rendimiento\",\"publisher\":{\"@id\":\"https:\\\/\\\/fadein.es\\\/fr\\\/#organization\"},\"alternateName\":\"Detergentes de alto rendimiento\",\"potentialAction\":[{\"@type\":\"SearchAction\",\"target\":{\"@type\":\"EntryPoint\",\"urlTemplate\":\"https:\\\/\\\/fadein.es\\\/fr\\\/?s={search_term_string}\"},\"query-input\":{\"@type\":\"PropertyValueSpecification\",\"valueRequired\":true,\"valueName\":\"search_term_string\"}}],\"inLanguage\":\"fr-FR\"},{\"@type\":\"Organization\",\"@id\":\"https:\\\/\\\/fadein.es\\\/fr\\\/#organization\",\"name\":\"Fadein\",\"alternateName\":\"Detergentes de alto rendimiento\",\"url\":\"https:\\\/\\\/fadein.es\\\/fr\\\/\",\"logo\":{\"@type\":\"ImageObject\",\"inLanguage\":\"fr-FR\",\"@id\":\"https:\\\/\\\/fadein.es\\\/fr\\\/#\\\/schema\\\/logo\\\/image\\\/\",\"url\":\"https:\\\/\\\/fadein.es\\\/wp-content\\\/uploads\\\/2021\\\/05\\\/fadein-deterdentes-de-alto-rendimiento.png\",\"contentUrl\":\"https:\\\/\\\/fadein.es\\\/wp-content\\\/uploads\\\/2021\\\/05\\\/fadein-deterdentes-de-alto-rendimiento.png\",\"width\":512,\"height\":512,\"caption\":\"Fadein\"},\"image\":{\"@id\":\"https:\\\/\\\/fadein.es\\\/fr\\\/#\\\/schema\\\/logo\\\/image\\\/\"}}]}<\/script>\n<!-- \/ Yoast SEO Premium plugin. -->","yoast_head_json":{"title":"PULV\u00c9RISATEUR PP IK ALCALINES 9","description":"Joints, mat\u00e9riaux et tuyaux r\u00e9sistants aux alcalis, aux alcools, aux ac\u00e9tones et aux produits chimiques utilis\u00e9s pour la d\u00e9sinfection.","robots":{"index":"index","follow":"follow","max-snippet":"max-snippet:-1","max-image-preview":"max-image-preview:large","max-video-preview":"max-video-preview:-1"},"canonical":"https:\/\/fadein.es\/fr\/producto\/pulverisateur-pp-ik-alcalines-9\/","og_locale":"fr_FR","og_type":"article","og_title":"PULV\u00c9RISATEUR PP IK ALCALINES 9","og_description":"Joints, mat\u00e9riaux et tuyaux r\u00e9sistants aux alcalis, aux alcools, aux ac\u00e9tones et aux produits chimiques utilis\u00e9s pour la d\u00e9sinfection.","og_url":"https:\/\/fadein.es\/fr\/producto\/pulverisateur-pp-ik-alcalines-9\/","og_site_name":"Fadein","article_modified_time":"2025-04-29T16:26:40+00:00","og_image":[{"width":800,"height":800,"url":"https:\/\/fadein.es\/wp-content\/uploads\/2025\/04\/PULVERIZADOR-PP-IK-ALKALINE-9-ALCALINOS.jpg","type":"image\/jpeg"}],"twitter_card":"summary_large_image","twitter_misc":{"Dur\u00e9e de lecture estim\u00e9e":"1 minute"},"schema":{"@context":"https:\/\/schema.org","@graph":[{"@type":"WebPage","@id":"https:\/\/fadein.es\/fr\/producto\/pulverisateur-pp-ik-alcalines-9\/","url":"https:\/\/fadein.es\/fr\/producto\/pulverisateur-pp-ik-alcalines-9\/","name":"PULV\u00c9RISATEUR PP IK ALCALINES 9","isPartOf":{"@id":"https:\/\/fadein.es\/fr\/#website"},"primaryImageOfPage":{"@id":"https:\/\/fadein.es\/fr\/producto\/pulverisateur-pp-ik-alcalines-9\/#primaryimage"},"image":{"@id":"https:\/\/fadein.es\/fr\/producto\/pulverisateur-pp-ik-alcalines-9\/#primaryimage"},"thumbnailUrl":"https:\/\/fadein.es\/wp-content\/uploads\/2025\/04\/PULVERIZADOR-PP-IK-ALKALINE-9-ALCALINOS.jpg","datePublished":"2025-04-29T16:26:38+00:00","dateModified":"2025-04-29T16:26:40+00:00","description":"Joints, mat\u00e9riaux et tuyaux r\u00e9sistants aux alcalis, aux alcools, aux ac\u00e9tones et aux produits chimiques utilis\u00e9s pour la d\u00e9sinfection.","breadcrumb":{"@id":"https:\/\/fadein.es\/fr\/producto\/pulverisateur-pp-ik-alcalines-9\/#breadcrumb"},"inLanguage":"fr-FR","potentialAction":[{"@type":"ReadAction","target":["https:\/\/fadein.es\/fr\/producto\/pulverisateur-pp-ik-alcalines-9\/"]}]},{"@type":"ImageObject","inLanguage":"fr-FR","@id":"https:\/\/fadein.es\/fr\/producto\/pulverisateur-pp-ik-alcalines-9\/#primaryimage","url":"https:\/\/fadein.es\/wp-content\/uploads\/2025\/04\/PULVERIZADOR-PP-IK-ALKALINE-9-ALCALINOS.jpg","contentUrl":"https:\/\/fadein.es\/wp-content\/uploads\/2025\/04\/PULVERIZADOR-PP-IK-ALKALINE-9-ALCALINOS.jpg","width":800,"height":800,"caption":"PULVERIZADOR PP IK ALKALINE 9 (ALCALINOS)"},{"@type":"BreadcrumbList","@id":"https:\/\/fadein.es\/fr\/producto\/pulverisateur-pp-ik-alcalines-9\/#breadcrumb","itemListElement":[{"@type":"ListItem","position":1,"name":"Portada","item":"https:\/\/fadein.es\/fr\/accueil\/"},{"@type":"ListItem","position":2,"name":"Boutique","item":"https:\/\/fadein.es\/fr\/boutique\/"},{"@type":"ListItem","position":3,"name":"PULV\u00c9RISATEUR PP IK ALCALINES 9"}]},{"@type":"WebSite","@id":"https:\/\/fadein.es\/fr\/#website","url":"https:\/\/fadein.es\/fr\/","name":"Fadein","description":"Detergentes de alto rendimiento","publisher":{"@id":"https:\/\/fadein.es\/fr\/#organization"},"alternateName":"Detergentes de alto rendimiento","potentialAction":[{"@type":"SearchAction","target":{"@type":"EntryPoint","urlTemplate":"https:\/\/fadein.es\/fr\/?s={search_term_string}"},"query-input":{"@type":"PropertyValueSpecification","valueRequired":true,"valueName":"search_term_string"}}],"inLanguage":"fr-FR"},{"@type":"Organization","@id":"https:\/\/fadein.es\/fr\/#organization","name":"Fadein","alternateName":"Detergentes de alto rendimiento","url":"https:\/\/fadein.es\/fr\/","logo":{"@type":"ImageObject","inLanguage":"fr-FR","@id":"https:\/\/fadein.es\/fr\/#\/schema\/logo\/image\/","url":"https:\/\/fadein.es\/wp-content\/uploads\/2021\/05\/fadein-deterdentes-de-alto-rendimiento.png","contentUrl":"https:\/\/fadein.es\/wp-content\/uploads\/2021\/05\/fadein-deterdentes-de-alto-rendimiento.png","width":512,"height":512,"caption":"Fadein"},"image":{"@id":"https:\/\/fadein.es\/fr\/#\/schema\/logo\/image\/"}}]}},"_links":{"self":[{"href":"https:\/\/fadein.es\/fr\/wp-json\/wp\/v2\/product\/10027","targetHints":{"allow":["GET"]}}],"collection":[{"href":"https:\/\/fadein.es\/fr\/wp-json\/wp\/v2\/product"}],"about":[{"href":"https:\/\/fadein.es\/fr\/wp-json\/wp\/v2\/types\/product"}],"replies":[{"embeddable":true,"href":"https:\/\/fadein.es\/fr\/wp-json\/wp\/v2\/comments?post=10027"}],"wp:featuredmedia":[{"embeddable":true,"href":"https:\/\/fadein.es\/fr\/wp-json\/wp\/v2\/media\/9982"}],"wp:attachment":[{"href":"https:\/\/fadein.es\/fr\/wp-json\/wp\/v2\/media?parent=10027"}],"wp:term":[{"taxonomy":"product_brand","embeddable":true,"href":"https:\/\/fadein.es\/fr\/wp-json\/wp\/v2\/product_brand?post=10027"},{"taxonomy":"product_cat","embeddable":true,"href":"https:\/\/fadein.es\/fr\/wp-json\/wp\/v2\/product_cat?post=10027"},{"taxonomy":"product_tag","embeddable":true,"href":"https:\/\/fadein.es\/fr\/wp-json\/wp\/v2\/product_tag?post=10027"}],"curies":[{"name":"wp","href":"https:\/\/api.w.org\/{rel}","templated":true}]}}