{"id":10006,"date":"2025-04-29T10:55:01","date_gmt":"2025-04-29T10:55:01","guid":{"rendered":"https:\/\/fadein.es\/?post_type=product&#038;p=10006"},"modified":"2025-04-29T10:55:04","modified_gmt":"2025-04-29T10:55:04","slug":"pulverisateur-canyon-3a-unite-bleu","status":"publish","type":"product","link":"https:\/\/fadein.es\/fr\/producto\/pulverisateur-canyon-3a-unite-bleu\/","title":{"rendered":"PULV\u00c9RISATEUR CANYON 3A (UNIT\u00c9) BLEU"},"content":{"rendered":"<p><strong>CANYON 3A SPRAYER (UNIT\u00c9) BLEU <\/strong> Un pulv\u00e9risateur \u00e0 usage professionnel. Avec une buse de pulv\u00e9risation r\u00e9glable de 0\u00ba \u00e0 60\u00ba. C&rsquo;est le meilleur pulv\u00e9risateur du march\u00e9 pour sa robustesse et son excellente r\u00e9gulation du jet. Filetage du col de la bouteille : 28\/400. Il s&rsquo;adapte \u00e0 un grand nombre de bouteilles en plastique. Convient pour le<strong> nettoyage, l&rsquo;industrie, l&rsquo;alimentation, la restauration, etc. <\/strong>       <\/p>\n<p>  La longueur du tuyau d&rsquo;aspiration de 250 mm est suffisante pour la plupart des bouteilles en plastique, mais peut \u00e9galement \u00eatre coup\u00e9e \u00e0 la longueur voulue. Le filtre \u00e0 impuret\u00e9s situ\u00e9 \u00e0 l&rsquo;extr\u00e9mit\u00e9 du tuyau emp\u00eache l&rsquo;obstruction de la buse et l&rsquo;endommagement de la pompe.  <\/p>\n<p>Le pulv\u00e9risateur CANYON 3A est le meilleur pulv\u00e9risateur du march\u00e9. Sa pompe interne et tous ses composants sont destin\u00e9s \u00e0 un usage intensif et industriel. Sa qualit\u00e9 est bien sup\u00e9rieure \u00e0 celle des autres pulv\u00e9risateurs.<br \/>\nLe spray CANYON 3A est test\u00e9 et contr\u00f4l\u00e9 en permanence pour garantir une excellente qualit\u00e9. Avec une dur\u00e9e de vie de plus de 50.000 pulsations. La buse r\u00e9glable permet de s&rsquo;adapter \u00e0 tous les besoins d&rsquo;utilisation.    <\/p>\n<p>  D\u00e9bit de sortie de 1,1cc \u00b10,2cc (avec de l&rsquo;eau). Le CANYON 3A est parfait pour les t\u00e2ches dans l&rsquo;atelier, le lavage de voitures et l&rsquo;industrie en g\u00e9n\u00e9ral. Orifice de la buse : \u00f80,4mm. La longueur du tube d&rsquo;aspiration est de 250 mm.     <strong>  La bouteille en plastique n&rsquo;est pas incluse, elle doit \u00eatre achet\u00e9e s\u00e9par\u00e9ment.<\/strong> <\/p>\n<p>Fonctions de la buse : Fermeture totale, permet de transporter ou de basculer sans renverser une seule goutte. Fonction jet, tr\u00e8s puissant, comme une lance \u00e0 eau, pour une fonction m\u00e9canique d&rsquo;entra\u00eenement de la salet\u00e9. Fonction d&rsquo;atomisation, un brouillard tr\u00e8s fin, si fin qu&rsquo;il ne forme pas de grosses gouttelettes. R\u00e9glage des fonctions susmentionn\u00e9es dans diff\u00e9rentes plages allant de 0\u00ba \u00e0 60\u00ba d&rsquo;angle. Poign\u00e9e pistolet ergonomique, facile \u00e0 pomper et \u00e0 tenir, m\u00eame avec des gants.      <\/p>\n<p>Vous pouvez contacter le service commercial de <strong><strong>FADEIN<\/strong><\/strong> par t\u00e9l\u00e9phone<strong><strong> 91 873 87 02 <\/strong><\/strong>ou par e-mail<strong><strong> att.cliente@fadein.es <\/strong><\/strong>pour toute information compl\u00e9mentaire ou demande de devis de nos produits.  <\/p>\n","protected":false},"excerpt":{"rendered":"<p>Pulv\u00e9risateur Canyon 3A (Unit\u00e9) Bleu<\/p>\n","protected":false},"featured_media":9946,"comment_status":"open","ping_status":"closed","template":"","meta":{"_et_pb_use_builder":"","_et_pb_old_content":"","_et_gb_content_width":""},"product_brand":[],"product_cat":[941,896],"product_tag":[1061,1058,1055,1001],"class_list":{"0":"post-10006","1":"product","2":"type-product","3":"status-publish","4":"has-post-thumbnail","6":"product_cat-pulverisateurs-et-atomiseurs","7":"product_cat-ustensiles-de-nettoyage","8":"product_tag-alimentation","9":"product_tag-industrie","10":"product_tag-nettoyage","11":"product_tag-restauration","13":"first","14":"instock","15":"taxable","16":"shipping-taxable","17":"purchasable","18":"product-type-simple"},"yoast_head":"<!-- This site is optimized with the Yoast SEO Premium plugin v27.2 (Yoast SEO v27.5) - https:\/\/yoast.com\/product\/yoast-seo-premium-wordpress\/ -->\n<title>PULV\u00c9RISATEUR CANYON 3A (UNIT\u00c9) BLEU<\/title>\n<meta name=\"description\" content=\"Un pulv\u00e9risateur professionnel pour un usage professionnel. Avec buse r\u00e9glable de 0\u00b0 \u00e0 60\u00b0. Filetage du col de la bouteille : 28\/400. Adaptable \u00e0 diff\u00e9rentes bouteilles\" \/>\n<meta name=\"robots\" content=\"index, follow, max-snippet:-1, max-image-preview:large, max-video-preview:-1\" \/>\n<link rel=\"canonical\" href=\"https:\/\/fadein.es\/fr\/producto\/pulverisateur-canyon-3a-unite-bleu\/\" \/>\n<meta property=\"og:locale\" content=\"fr_FR\" \/>\n<meta property=\"og:type\" content=\"article\" \/>\n<meta property=\"og:title\" content=\"PULV\u00c9RISATEUR CANYON 3A (UNIT\u00c9) BLEU\" \/>\n<meta property=\"og:description\" content=\"Un pulv\u00e9risateur professionnel pour un usage professionnel. Avec buse r\u00e9glable de 0\u00b0 \u00e0 60\u00b0. Filetage du col de la bouteille : 28\/400. Adaptable \u00e0 diff\u00e9rentes bouteilles\" \/>\n<meta property=\"og:url\" content=\"https:\/\/fadein.es\/fr\/producto\/pulverisateur-canyon-3a-unite-bleu\/\" \/>\n<meta property=\"og:site_name\" content=\"Fadein\" \/>\n<meta property=\"article:modified_time\" content=\"2025-04-29T10:55:04+00:00\" \/>\n<meta property=\"og:image\" content=\"https:\/\/fadein.es\/wp-content\/uploads\/2025\/04\/PULVERIZADOR-CANYON-3A-UD-AZUL.jpg\" \/>\n\t<meta property=\"og:image:width\" content=\"800\" \/>\n\t<meta property=\"og:image:height\" content=\"800\" \/>\n\t<meta property=\"og:image:type\" content=\"image\/jpeg\" \/>\n<meta name=\"twitter:card\" content=\"summary_large_image\" \/>\n<meta name=\"twitter:label1\" content=\"Dur\u00e9e de lecture estim\u00e9e\" \/>\n\t<meta name=\"twitter:data1\" content=\"2 minutes\" \/>\n<script type=\"application\/ld+json\" class=\"yoast-schema-graph\">{\"@context\":\"https:\\\/\\\/schema.org\",\"@graph\":[{\"@type\":\"WebPage\",\"@id\":\"https:\\\/\\\/fadein.es\\\/fr\\\/producto\\\/pulverisateur-canyon-3a-unite-bleu\\\/\",\"url\":\"https:\\\/\\\/fadein.es\\\/fr\\\/producto\\\/pulverisateur-canyon-3a-unite-bleu\\\/\",\"name\":\"PULV\u00c9RISATEUR CANYON 3A (UNIT\u00c9) BLEU\",\"isPartOf\":{\"@id\":\"https:\\\/\\\/fadein.es\\\/fr\\\/#website\"},\"primaryImageOfPage\":{\"@id\":\"https:\\\/\\\/fadein.es\\\/fr\\\/producto\\\/pulverisateur-canyon-3a-unite-bleu\\\/#primaryimage\"},\"image\":{\"@id\":\"https:\\\/\\\/fadein.es\\\/fr\\\/producto\\\/pulverisateur-canyon-3a-unite-bleu\\\/#primaryimage\"},\"thumbnailUrl\":\"https:\\\/\\\/fadein.es\\\/wp-content\\\/uploads\\\/2025\\\/04\\\/PULVERIZADOR-CANYON-3A-UD-AZUL.jpg\",\"datePublished\":\"2025-04-29T10:55:01+00:00\",\"dateModified\":\"2025-04-29T10:55:04+00:00\",\"description\":\"Un pulv\u00e9risateur professionnel pour un usage professionnel. Avec buse r\u00e9glable de 0\u00b0 \u00e0 60\u00b0. Filetage du col de la bouteille : 28\\\/400. Adaptable \u00e0 diff\u00e9rentes bouteilles\",\"breadcrumb\":{\"@id\":\"https:\\\/\\\/fadein.es\\\/fr\\\/producto\\\/pulverisateur-canyon-3a-unite-bleu\\\/#breadcrumb\"},\"inLanguage\":\"fr-FR\",\"potentialAction\":[{\"@type\":\"ReadAction\",\"target\":[\"https:\\\/\\\/fadein.es\\\/fr\\\/producto\\\/pulverisateur-canyon-3a-unite-bleu\\\/\"]}]},{\"@type\":\"ImageObject\",\"inLanguage\":\"fr-FR\",\"@id\":\"https:\\\/\\\/fadein.es\\\/fr\\\/producto\\\/pulverisateur-canyon-3a-unite-bleu\\\/#primaryimage\",\"url\":\"https:\\\/\\\/fadein.es\\\/wp-content\\\/uploads\\\/2025\\\/04\\\/PULVERIZADOR-CANYON-3A-UD-AZUL.jpg\",\"contentUrl\":\"https:\\\/\\\/fadein.es\\\/wp-content\\\/uploads\\\/2025\\\/04\\\/PULVERIZADOR-CANYON-3A-UD-AZUL.jpg\",\"width\":800,\"height\":800,\"caption\":\"PULVERIZADOR CANYON 3A (UD) AZUL\"},{\"@type\":\"BreadcrumbList\",\"@id\":\"https:\\\/\\\/fadein.es\\\/fr\\\/producto\\\/pulverisateur-canyon-3a-unite-bleu\\\/#breadcrumb\",\"itemListElement\":[{\"@type\":\"ListItem\",\"position\":1,\"name\":\"Portada\",\"item\":\"https:\\\/\\\/fadein.es\\\/fr\\\/accueil\\\/\"},{\"@type\":\"ListItem\",\"position\":2,\"name\":\"Boutique\",\"item\":\"https:\\\/\\\/fadein.es\\\/fr\\\/boutique\\\/\"},{\"@type\":\"ListItem\",\"position\":3,\"name\":\"PULV\u00c9RISATEUR CANYON 3A (UNIT\u00c9) BLEU\"}]},{\"@type\":\"WebSite\",\"@id\":\"https:\\\/\\\/fadein.es\\\/fr\\\/#website\",\"url\":\"https:\\\/\\\/fadein.es\\\/fr\\\/\",\"name\":\"Fadein\",\"description\":\"Detergentes de alto rendimiento\",\"publisher\":{\"@id\":\"https:\\\/\\\/fadein.es\\\/fr\\\/#organization\"},\"alternateName\":\"Detergentes de alto rendimiento\",\"potentialAction\":[{\"@type\":\"SearchAction\",\"target\":{\"@type\":\"EntryPoint\",\"urlTemplate\":\"https:\\\/\\\/fadein.es\\\/fr\\\/?s={search_term_string}\"},\"query-input\":{\"@type\":\"PropertyValueSpecification\",\"valueRequired\":true,\"valueName\":\"search_term_string\"}}],\"inLanguage\":\"fr-FR\"},{\"@type\":\"Organization\",\"@id\":\"https:\\\/\\\/fadein.es\\\/fr\\\/#organization\",\"name\":\"Fadein\",\"alternateName\":\"Detergentes de alto rendimiento\",\"url\":\"https:\\\/\\\/fadein.es\\\/fr\\\/\",\"logo\":{\"@type\":\"ImageObject\",\"inLanguage\":\"fr-FR\",\"@id\":\"https:\\\/\\\/fadein.es\\\/fr\\\/#\\\/schema\\\/logo\\\/image\\\/\",\"url\":\"https:\\\/\\\/fadein.es\\\/wp-content\\\/uploads\\\/2021\\\/05\\\/fadein-deterdentes-de-alto-rendimiento.png\",\"contentUrl\":\"https:\\\/\\\/fadein.es\\\/wp-content\\\/uploads\\\/2021\\\/05\\\/fadein-deterdentes-de-alto-rendimiento.png\",\"width\":512,\"height\":512,\"caption\":\"Fadein\"},\"image\":{\"@id\":\"https:\\\/\\\/fadein.es\\\/fr\\\/#\\\/schema\\\/logo\\\/image\\\/\"}}]}<\/script>\n<!-- \/ Yoast SEO Premium plugin. -->","yoast_head_json":{"title":"PULV\u00c9RISATEUR CANYON 3A (UNIT\u00c9) BLEU","description":"Un pulv\u00e9risateur professionnel pour un usage professionnel. Avec buse r\u00e9glable de 0\u00b0 \u00e0 60\u00b0. Filetage du col de la bouteille : 28\/400. Adaptable \u00e0 diff\u00e9rentes bouteilles","robots":{"index":"index","follow":"follow","max-snippet":"max-snippet:-1","max-image-preview":"max-image-preview:large","max-video-preview":"max-video-preview:-1"},"canonical":"https:\/\/fadein.es\/fr\/producto\/pulverisateur-canyon-3a-unite-bleu\/","og_locale":"fr_FR","og_type":"article","og_title":"PULV\u00c9RISATEUR CANYON 3A (UNIT\u00c9) BLEU","og_description":"Un pulv\u00e9risateur professionnel pour un usage professionnel. Avec buse r\u00e9glable de 0\u00b0 \u00e0 60\u00b0. Filetage du col de la bouteille : 28\/400. Adaptable \u00e0 diff\u00e9rentes bouteilles","og_url":"https:\/\/fadein.es\/fr\/producto\/pulverisateur-canyon-3a-unite-bleu\/","og_site_name":"Fadein","article_modified_time":"2025-04-29T10:55:04+00:00","og_image":[{"width":800,"height":800,"url":"https:\/\/fadein.es\/wp-content\/uploads\/2025\/04\/PULVERIZADOR-CANYON-3A-UD-AZUL.jpg","type":"image\/jpeg"}],"twitter_card":"summary_large_image","twitter_misc":{"Dur\u00e9e de lecture estim\u00e9e":"2 minutes"},"schema":{"@context":"https:\/\/schema.org","@graph":[{"@type":"WebPage","@id":"https:\/\/fadein.es\/fr\/producto\/pulverisateur-canyon-3a-unite-bleu\/","url":"https:\/\/fadein.es\/fr\/producto\/pulverisateur-canyon-3a-unite-bleu\/","name":"PULV\u00c9RISATEUR CANYON 3A (UNIT\u00c9) BLEU","isPartOf":{"@id":"https:\/\/fadein.es\/fr\/#website"},"primaryImageOfPage":{"@id":"https:\/\/fadein.es\/fr\/producto\/pulverisateur-canyon-3a-unite-bleu\/#primaryimage"},"image":{"@id":"https:\/\/fadein.es\/fr\/producto\/pulverisateur-canyon-3a-unite-bleu\/#primaryimage"},"thumbnailUrl":"https:\/\/fadein.es\/wp-content\/uploads\/2025\/04\/PULVERIZADOR-CANYON-3A-UD-AZUL.jpg","datePublished":"2025-04-29T10:55:01+00:00","dateModified":"2025-04-29T10:55:04+00:00","description":"Un pulv\u00e9risateur professionnel pour un usage professionnel. Avec buse r\u00e9glable de 0\u00b0 \u00e0 60\u00b0. Filetage du col de la bouteille : 28\/400. Adaptable \u00e0 diff\u00e9rentes bouteilles","breadcrumb":{"@id":"https:\/\/fadein.es\/fr\/producto\/pulverisateur-canyon-3a-unite-bleu\/#breadcrumb"},"inLanguage":"fr-FR","potentialAction":[{"@type":"ReadAction","target":["https:\/\/fadein.es\/fr\/producto\/pulverisateur-canyon-3a-unite-bleu\/"]}]},{"@type":"ImageObject","inLanguage":"fr-FR","@id":"https:\/\/fadein.es\/fr\/producto\/pulverisateur-canyon-3a-unite-bleu\/#primaryimage","url":"https:\/\/fadein.es\/wp-content\/uploads\/2025\/04\/PULVERIZADOR-CANYON-3A-UD-AZUL.jpg","contentUrl":"https:\/\/fadein.es\/wp-content\/uploads\/2025\/04\/PULVERIZADOR-CANYON-3A-UD-AZUL.jpg","width":800,"height":800,"caption":"PULVERIZADOR CANYON 3A (UD) AZUL"},{"@type":"BreadcrumbList","@id":"https:\/\/fadein.es\/fr\/producto\/pulverisateur-canyon-3a-unite-bleu\/#breadcrumb","itemListElement":[{"@type":"ListItem","position":1,"name":"Portada","item":"https:\/\/fadein.es\/fr\/accueil\/"},{"@type":"ListItem","position":2,"name":"Boutique","item":"https:\/\/fadein.es\/fr\/boutique\/"},{"@type":"ListItem","position":3,"name":"PULV\u00c9RISATEUR CANYON 3A (UNIT\u00c9) BLEU"}]},{"@type":"WebSite","@id":"https:\/\/fadein.es\/fr\/#website","url":"https:\/\/fadein.es\/fr\/","name":"Fadein","description":"Detergentes de alto rendimiento","publisher":{"@id":"https:\/\/fadein.es\/fr\/#organization"},"alternateName":"Detergentes de alto rendimiento","potentialAction":[{"@type":"SearchAction","target":{"@type":"EntryPoint","urlTemplate":"https:\/\/fadein.es\/fr\/?s={search_term_string}"},"query-input":{"@type":"PropertyValueSpecification","valueRequired":true,"valueName":"search_term_string"}}],"inLanguage":"fr-FR"},{"@type":"Organization","@id":"https:\/\/fadein.es\/fr\/#organization","name":"Fadein","alternateName":"Detergentes de alto rendimiento","url":"https:\/\/fadein.es\/fr\/","logo":{"@type":"ImageObject","inLanguage":"fr-FR","@id":"https:\/\/fadein.es\/fr\/#\/schema\/logo\/image\/","url":"https:\/\/fadein.es\/wp-content\/uploads\/2021\/05\/fadein-deterdentes-de-alto-rendimiento.png","contentUrl":"https:\/\/fadein.es\/wp-content\/uploads\/2021\/05\/fadein-deterdentes-de-alto-rendimiento.png","width":512,"height":512,"caption":"Fadein"},"image":{"@id":"https:\/\/fadein.es\/fr\/#\/schema\/logo\/image\/"}}]}},"_links":{"self":[{"href":"https:\/\/fadein.es\/fr\/wp-json\/wp\/v2\/product\/10006","targetHints":{"allow":["GET"]}}],"collection":[{"href":"https:\/\/fadein.es\/fr\/wp-json\/wp\/v2\/product"}],"about":[{"href":"https:\/\/fadein.es\/fr\/wp-json\/wp\/v2\/types\/product"}],"replies":[{"embeddable":true,"href":"https:\/\/fadein.es\/fr\/wp-json\/wp\/v2\/comments?post=10006"}],"wp:featuredmedia":[{"embeddable":true,"href":"https:\/\/fadein.es\/fr\/wp-json\/wp\/v2\/media\/9946"}],"wp:attachment":[{"href":"https:\/\/fadein.es\/fr\/wp-json\/wp\/v2\/media?parent=10006"}],"wp:term":[{"taxonomy":"product_brand","embeddable":true,"href":"https:\/\/fadein.es\/fr\/wp-json\/wp\/v2\/product_brand?post=10006"},{"taxonomy":"product_cat","embeddable":true,"href":"https:\/\/fadein.es\/fr\/wp-json\/wp\/v2\/product_cat?post=10006"},{"taxonomy":"product_tag","embeddable":true,"href":"https:\/\/fadein.es\/fr\/wp-json\/wp\/v2\/product_tag?post=10006"}],"curies":[{"name":"wp","href":"https:\/\/api.w.org\/{rel}","templated":true}]}}